{"id":2835,"date":"2025-05-18T14:27:13","date_gmt":"2025-05-18T14:27:13","guid":{"rendered":"https:\/\/escoladedirecciobadalona.com\/?page_id=2835"},"modified":"2025-05-18T14:27:13","modified_gmt":"2025-05-18T14:27:13","slug":"alex-castellana","status":"publish","type":"page","link":"https:\/\/escoladedirecciobadalona.com\/es\/alex-castellana\/","title":{"rendered":"Alex Castellana"},"content":{"rendered":"<style type=\"text\/css\" data-created_by=\"avia_inline_auto\" id=\"style-css-av-7i8hff-2379d08d0237e4cea5d0506eb5b84124\">\n.avia-section.av-7i8hff-2379d08d0237e4cea5d0506eb5b84124{\nmargin-top:0px;\nmargin-bottom:0px;\n}\n<\/style>\n<div id='av_section_1'  class='avia-section av-7i8hff-2379d08d0237e4cea5d0506eb5b84124 main_color avia-section-large avia-no-border-styling  avia-builder-el-0  avia-builder-el-no-sibling  avia-bg-style-scroll container_wrap fullsize'  ><div class='container av-section-cont-open' ><main  role=\"main\" itemprop=\"mainContentOfPage\"  class='template-page content  av-content-full alpha units'><div class='post-entry post-entry-type-page post-entry-2835'><div class='entry-content-wrapper clearfix'>\n<div class='flex_column av-5sw6yz-90b17d618225d09b94617998e033c031 av_one_fourth  avia-builder-el-1  el_before_av_one_half  avia-builder-el-first  first flex_column_div'     ><\/div><div class='flex_column av-3pgcwr-6835c2034591e3678ebfe05e2136d196 av_one_half  avia-builder-el-2  el_after_av_one_fourth  el_before_av_one_fourth  flex_column_div'     ><p>\n<style type=\"text\/css\" data-created_by=\"avia_inline_auto\" id=\"style-css-av-m3och5za-31f7b660c1a639af5177900950776db2\">\n.avia-image-container.av-m3och5za-31f7b660c1a639af5177900950776db2 img.avia_image{\nbox-shadow:none;\n}\n.avia-image-container.av-m3och5za-31f7b660c1a639af5177900950776db2 .av-image-caption-overlay-center{\ncolor:#ffffff;\n}\n<\/style>\n<div  class='avia-image-container av-m3och5za-31f7b660c1a639af5177900950776db2 av-styling- avia-align-center  avia-builder-el-3  el_before_av_hr  avia-builder-el-first'   itemprop=\"image\" itemscope=\"itemscope\" itemtype=\"https:\/\/schema.org\/ImageObject\" ><div class=\"avia-image-container-inner\"><div class=\"avia-image-overlay-wrap\"><img decoding=\"async\" class='wp-image-2836 avia-img-lazy-loading-not-2836 avia_image' src=\"https:\/\/escoladedirecciobadalona.com\/wp-content\/uploads\/2025\/05\/IMG_3332-scaled.jpg\" alt='' title='IMG_3332'  height=\"2560\" width=\"1920\"  itemprop=\"thumbnailUrl\" srcset=\"https:\/\/escoladedirecciobadalona.com\/wp-content\/uploads\/2025\/05\/IMG_3332-scaled.jpg 1920w, https:\/\/escoladedirecciobadalona.com\/wp-content\/uploads\/2025\/05\/IMG_3332-225x300.jpg 225w, https:\/\/escoladedirecciobadalona.com\/wp-content\/uploads\/2025\/05\/IMG_3332-772x1030.jpg 772w, https:\/\/escoladedirecciobadalona.com\/wp-content\/uploads\/2025\/05\/IMG_3332-768x1024.jpg 768w, https:\/\/escoladedirecciobadalona.com\/wp-content\/uploads\/2025\/05\/IMG_3332-1152x1536.jpg 1152w, https:\/\/escoladedirecciobadalona.com\/wp-content\/uploads\/2025\/05\/IMG_3332-1536x2048.jpg 1536w, https:\/\/escoladedirecciobadalona.com\/wp-content\/uploads\/2025\/05\/IMG_3332-9x12.jpg 9w, https:\/\/escoladedirecciobadalona.com\/wp-content\/uploads\/2025\/05\/IMG_3332-1125x1500.jpg 1125w, https:\/\/escoladedirecciobadalona.com\/wp-content\/uploads\/2025\/05\/IMG_3332-529x705.jpg 529w\" sizes=\"(max-width: 1920px) 100vw, 1920px\" \/><\/div><\/div><\/div><br \/>\n\n<style type=\"text\/css\" data-created_by=\"avia_inline_auto\" id=\"style-css-av-m3oduhw8-873bbee2790d53c8706240ca0acab95f\">\n#top .hr.hr-invisible.av-m3oduhw8-873bbee2790d53c8706240ca0acab95f{\nheight:10px;\n}\n<\/style>\n<div  class='hr av-m3oduhw8-873bbee2790d53c8706240ca0acab95f hr-invisible  avia-builder-el-4  el_after_av_image  el_before_av_textblock'><span class='hr-inner'><span class=\"hr-inner-style\"><\/span><\/span><\/div><br \/>\n<section  class='av_textblock_section av-m2sumu4i-533fee6639920d559e4f00d8db8a3315'  itemscope=\"itemscope\" itemtype=\"https:\/\/schema.org\/CreativeWork\" ><div class='avia_textblock'  itemprop=\"text\" ><p style=\"text-align: center;\">Alex Castellana neix a Barcelona, on inicia la seva formaci\u00f3 musical al Conservatori Municipal, estudiant piano i flauta travessera. L\u2019any 2015 comen\u00e7a els estudis superiors a l\u2019Escola Superior de M\u00fasica de Catalunya (ESMUC), on es gradua en Piano i, posteriorment, en Pedagogia Musical.<\/p>\n<p style=\"text-align: center;\">Desenvolupa una intensa traject\u00f2ria com a int\u00e8rpret en diversos projectes musicals, abastant estils que van des de la m\u00fasica cl\u00e0ssica fins al jazz i la m\u00fasica moderna. Com a pianista cl\u00e0ssic, ha ofert recitals i concerts amb formacions de cambra, orquestres i grups de lied. Ha estat repertorista en diversos concerts, proves de selecci\u00f3 oficials i c\u00e0stings. Tamb\u00e9 col\u00b7labora amb corals, exercint de correpetidor, preparador vocal i director musical en projectes d\u2019\u00f2pera i sarsueles.<\/p>\n<p style=\"text-align: center;\">Paral\u00b7lelament, s\u2019ha format en educaci\u00f3 musical i art\u00edstica, estudiant metodologies innovadores de pedagogia musical. Entre les seves formacions destaca la certificaci\u00f3 en MLT (Music Learning Theory) d\u2019Edwin Gordon, aix\u00ed com la formaci\u00f3 en pedagogia Orff-Schulwerk.organitzada per Orff Catalunya.<\/p>\n<p style=\"text-align: center;\">En l\u2019\u00e0mbit de la m\u00fasica moderna, ha desenvolupat un fort inter\u00e8s pel jazz i altres estils contemporanis. Aquest cam\u00ed l\u2019ha impulsat a explorar nous g\u00e8neres musicals i a formar part de grups de versions, teatre musical i projectes propis, on exerceix com a teclista i pianista de jazz. A m\u00e9s, participa activament en diverses corals de g\u00f2spel de Catalunya, aportant la seva experi\u00e8ncia i visi\u00f3 musical.<\/p>\n<\/div><\/section><\/p><\/div><div class='flex_column av-28cpgr-a9f15655087fefe296449d17ac88c6b3 av_one_fourth  avia-builder-el-6  el_after_av_one_half  avia-builder-el-last  flex_column_div'     ><\/div>","protected":false},"excerpt":{"rendered":"","protected":false},"author":2,"featured_media":2500,"parent":0,"menu_order":0,"comment_status":"closed","ping_status":"closed","template":"","meta":{"footnotes":""},"class_list":["post-2835","page","type-page","status-publish","has-post-thumbnail","hentry"],"yoast_head":"<!-- This site is optimized with the Yoast SEO plugin v23.7 - https:\/\/yoast.com\/wordpress\/plugins\/seo\/ -->\n<title>Alex Castellana - Escola Direcci\u00f3 Badalona<\/title>\n<meta name=\"robots\" content=\"index, follow, max-snippet:-1, max-image-preview:large, max-video-preview:-1\" \/>\n<link rel=\"canonical\" href=\"https:\/\/escoladedirecciobadalona.com\/es\/alex-castellana\/\" \/>\n<meta property=\"og:locale\" content=\"es_ES\" \/>\n<meta property=\"og:type\" content=\"article\" \/>\n<meta property=\"og:title\" content=\"Alex Castellana - Escola Direcci\u00f3 Badalona\" \/>\n<meta property=\"og:url\" content=\"https:\/\/escoladedirecciobadalona.com\/es\/alex-castellana\/\" \/>\n<meta property=\"og:site_name\" content=\"Escola Direcci\u00f3 Badalona\" \/>\n<meta property=\"og:image\" content=\"https:\/\/escoladedirecciobadalona.com\/wp-content\/uploads\/2025\/05\/IMG_3332-772x1030.jpg\" \/>\n\t<meta property=\"og:image:width\" content=\"772\" \/>\n\t<meta property=\"og:image:height\" content=\"1030\" \/>\n\t<meta property=\"og:image:type\" content=\"image\/jpeg\" \/>\n<meta name=\"twitter:card\" content=\"summary_large_image\" \/>\n<meta name=\"twitter:label1\" content=\"Tiempo de lectura\" \/>\n\t<meta name=\"twitter:data1\" content=\"4 minutos\" \/>\n<script type=\"application\/ld+json\" class=\"yoast-schema-graph\">{\"@context\":\"https:\/\/schema.org\",\"@graph\":[{\"@type\":\"WebPage\",\"@id\":\"https:\/\/escoladedirecciobadalona.com\/alex-castellana\/\",\"url\":\"https:\/\/escoladedirecciobadalona.com\/alex-castellana\/\",\"name\":\"Alex Castellana - Escola Direcci\u00f3 Badalona\",\"isPartOf\":{\"@id\":\"https:\/\/escoladedirecciobadalona.com\/#website\"},\"primaryImageOfPage\":{\"@id\":\"https:\/\/escoladedirecciobadalona.com\/alex-castellana\/#primaryimage\"},\"image\":{\"@id\":\"https:\/\/escoladedirecciobadalona.com\/alex-castellana\/#primaryimage\"},\"thumbnailUrl\":\"https:\/\/escoladedirecciobadalona.com\/wp-content\/uploads\/2024\/12\/Batutas-empunadura-madera.jpg\",\"datePublished\":\"2025-05-18T14:27:13+00:00\",\"dateModified\":\"2025-05-18T14:27:13+00:00\",\"breadcrumb\":{\"@id\":\"https:\/\/escoladedirecciobadalona.com\/alex-castellana\/#breadcrumb\"},\"inLanguage\":\"es\",\"potentialAction\":[{\"@type\":\"ReadAction\",\"target\":[\"https:\/\/escoladedirecciobadalona.com\/alex-castellana\/\"]}]},{\"@type\":\"ImageObject\",\"inLanguage\":\"es\",\"@id\":\"https:\/\/escoladedirecciobadalona.com\/alex-castellana\/#primaryimage\",\"url\":\"https:\/\/escoladedirecciobadalona.com\/wp-content\/uploads\/2024\/12\/Batutas-empunadura-madera.jpg\",\"contentUrl\":\"https:\/\/escoladedirecciobadalona.com\/wp-content\/uploads\/2024\/12\/Batutas-empunadura-madera.jpg\",\"width\":1200,\"height\":800},{\"@type\":\"BreadcrumbList\",\"@id\":\"https:\/\/escoladedirecciobadalona.com\/alex-castellana\/#breadcrumb\",\"itemListElement\":[{\"@type\":\"ListItem\",\"position\":1,\"name\":\"Portada\",\"item\":\"https:\/\/escoladedirecciobadalona.com\/\"},{\"@type\":\"ListItem\",\"position\":2,\"name\":\"Alex Castellana\"}]},{\"@type\":\"WebSite\",\"@id\":\"https:\/\/escoladedirecciobadalona.com\/#website\",\"url\":\"https:\/\/escoladedirecciobadalona.com\/\",\"name\":\"Escola Direcci\u00f3 Badalona\",\"description\":\"\",\"potentialAction\":[{\"@type\":\"SearchAction\",\"target\":{\"@type\":\"EntryPoint\",\"urlTemplate\":\"https:\/\/escoladedirecciobadalona.com\/?s={search_term_string}\"},\"query-input\":{\"@type\":\"PropertyValueSpecification\",\"valueRequired\":true,\"valueName\":\"search_term_string\"}}],\"inLanguage\":\"es\"}]}<\/script>\n<!-- \/ Yoast SEO plugin. -->","yoast_head_json":{"title":"Alex Castellana - Escola Direcci\u00f3 Badalona","robots":{"index":"index","follow":"follow","max-snippet":"max-snippet:-1","max-image-preview":"max-image-preview:large","max-video-preview":"max-video-preview:-1"},"canonical":"https:\/\/escoladedirecciobadalona.com\/es\/alex-castellana\/","og_locale":"es_ES","og_type":"article","og_title":"Alex Castellana - Escola Direcci\u00f3 Badalona","og_url":"https:\/\/escoladedirecciobadalona.com\/es\/alex-castellana\/","og_site_name":"Escola Direcci\u00f3 Badalona","og_image":[{"width":772,"height":1030,"url":"https:\/\/escoladedirecciobadalona.com\/wp-content\/uploads\/2025\/05\/IMG_3332-772x1030.jpg","type":"image\/jpeg"}],"twitter_card":"summary_large_image","twitter_misc":{"Tiempo de lectura":"4 minutos"},"schema":{"@context":"https:\/\/schema.org","@graph":[{"@type":"WebPage","@id":"https:\/\/escoladedirecciobadalona.com\/alex-castellana\/","url":"https:\/\/escoladedirecciobadalona.com\/alex-castellana\/","name":"Alex Castellana - Escola Direcci\u00f3 Badalona","isPartOf":{"@id":"https:\/\/escoladedirecciobadalona.com\/#website"},"primaryImageOfPage":{"@id":"https:\/\/escoladedirecciobadalona.com\/alex-castellana\/#primaryimage"},"image":{"@id":"https:\/\/escoladedirecciobadalona.com\/alex-castellana\/#primaryimage"},"thumbnailUrl":"https:\/\/escoladedirecciobadalona.com\/wp-content\/uploads\/2024\/12\/Batutas-empunadura-madera.jpg","datePublished":"2025-05-18T14:27:13+00:00","dateModified":"2025-05-18T14:27:13+00:00","breadcrumb":{"@id":"https:\/\/escoladedirecciobadalona.com\/alex-castellana\/#breadcrumb"},"inLanguage":"es","potentialAction":[{"@type":"ReadAction","target":["https:\/\/escoladedirecciobadalona.com\/alex-castellana\/"]}]},{"@type":"ImageObject","inLanguage":"es","@id":"https:\/\/escoladedirecciobadalona.com\/alex-castellana\/#primaryimage","url":"https:\/\/escoladedirecciobadalona.com\/wp-content\/uploads\/2024\/12\/Batutas-empunadura-madera.jpg","contentUrl":"https:\/\/escoladedirecciobadalona.com\/wp-content\/uploads\/2024\/12\/Batutas-empunadura-madera.jpg","width":1200,"height":800},{"@type":"BreadcrumbList","@id":"https:\/\/escoladedirecciobadalona.com\/alex-castellana\/#breadcrumb","itemListElement":[{"@type":"ListItem","position":1,"name":"Portada","item":"https:\/\/escoladedirecciobadalona.com\/"},{"@type":"ListItem","position":2,"name":"Alex Castellana"}]},{"@type":"WebSite","@id":"https:\/\/escoladedirecciobadalona.com\/#website","url":"https:\/\/escoladedirecciobadalona.com\/","name":"Escola Direcci\u00f3 Badalona","description":"","potentialAction":[{"@type":"SearchAction","target":{"@type":"EntryPoint","urlTemplate":"https:\/\/escoladedirecciobadalona.com\/?s={search_term_string}"},"query-input":{"@type":"PropertyValueSpecification","valueRequired":true,"valueName":"search_term_string"}}],"inLanguage":"es"}]}},"_links":{"self":[{"href":"https:\/\/escoladedirecciobadalona.com\/es\/wp-json\/wp\/v2\/pages\/2835","targetHints":{"allow":["GET"]}}],"collection":[{"href":"https:\/\/escoladedirecciobadalona.com\/es\/wp-json\/wp\/v2\/pages"}],"about":[{"href":"https:\/\/escoladedirecciobadalona.com\/es\/wp-json\/wp\/v2\/types\/page"}],"author":[{"embeddable":true,"href":"https:\/\/escoladedirecciobadalona.com\/es\/wp-json\/wp\/v2\/users\/2"}],"replies":[{"embeddable":true,"href":"https:\/\/escoladedirecciobadalona.com\/es\/wp-json\/wp\/v2\/comments?post=2835"}],"version-history":[{"count":2,"href":"https:\/\/escoladedirecciobadalona.com\/es\/wp-json\/wp\/v2\/pages\/2835\/revisions"}],"predecessor-version":[{"id":2838,"href":"https:\/\/escoladedirecciobadalona.com\/es\/wp-json\/wp\/v2\/pages\/2835\/revisions\/2838"}],"wp:featuredmedia":[{"embeddable":true,"href":"https:\/\/escoladedirecciobadalona.com\/es\/wp-json\/wp\/v2\/media\/2500"}],"wp:attachment":[{"href":"https:\/\/escoladedirecciobadalona.com\/es\/wp-json\/wp\/v2\/media?parent=2835"}],"curies":[{"name":"wp","href":"https:\/\/api.w.org\/{rel}","templated":true}]}}