{"id":2712,"date":"2025-02-02T21:13:16","date_gmt":"2025-02-02T21:13:16","guid":{"rendered":"https:\/\/escoladedirecciobadalona.com\/?page_id=2712"},"modified":"2025-06-18T10:18:54","modified_gmt":"2025-06-18T10:18:54","slug":"informacio-i-matricula","status":"publish","type":"page","link":"https:\/\/escoladedirecciobadalona.com\/es\/informacio-i-matricula\/","title":{"rendered":"Informaci\u00f3 i matr\u00edcula"},"content":{"rendered":"<div class='flex_column av-esg0e0-0ff6dcbb777779f09ae77fffe6eb43c2 av_one_full  avia-builder-el-0  el_before_av_heading  avia-builder-el-first  first flex_column_div'     ><\/div>\n\n<style type=\"text\/css\" data-created_by=\"avia_inline_auto\" id=\"style-css-av-m6o3u160-0e8550d083ac1ac8cb4508b587a1647b\">\n#top .av-special-heading.av-m6o3u160-0e8550d083ac1ac8cb4508b587a1647b{\npadding-bottom:10px;\n}\nbody .av-special-heading.av-m6o3u160-0e8550d083ac1ac8cb4508b587a1647b .av-special-heading-tag .heading-char{\nfont-size:25px;\n}\n.av-special-heading.av-m6o3u160-0e8550d083ac1ac8cb4508b587a1647b .av-subheading{\nfont-size:15px;\n}\n<\/style>\n<div  class='av-special-heading av-m6o3u160-0e8550d083ac1ac8cb4508b587a1647b av-special-heading-h2 blockquote modern-quote modern-centered  avia-builder-el-1  el_after_av_one_full  el_before_av_one_full'><h2 class='av-special-heading-tag'  itemprop=\"headline\"  >Emplena el seg\u00fcent formulari per sol\u00b7licitar m\u00e9s informaci\u00f3 o matricular-te<\/h2><div class=\"special-heading-border\"><div class=\"special-heading-inner-border\"><\/div><\/div><\/div>\n<div class='flex_column av-cxl8vc-0a9574cb593aadaaf7f377a1c0062003 av_one_full  avia-builder-el-2  el_after_av_heading  el_before_av_one_fourth  first flex_column_div'     ><style type=\"text\/css\" data-created_by=\"avia_inline_auto\" id=\"style-css-av-m6o4tbtu-bb4b7649d36bb8d362a53e61d3ef0972\">\n#top .av_textblock_section.av-m6o4tbtu-bb4b7649d36bb8d362a53e61d3ef0972 .avia_textblock{\nfont-size:19px;\n}\n<\/style>\n<section  class='av_textblock_section av-m6o4tbtu-bb4b7649d36bb8d362a53e61d3ef0972'  itemscope=\"itemscope\" itemtype=\"https:\/\/schema.org\/CreativeWork\" ><div class='avia_textblock'  itemprop=\"text\" ><p style=\"text-align: center;\">Estem a la teva disposici\u00f3 a<\/p>\n<p style=\"text-align: center;\"><a href=\"mailto:autor@marketingelementalparamusicosexpertos.com\">contacte@escoladedirecciobadalona.com<\/a><\/p>\n<p style=\"text-align: center;\">619 538 320<br \/>\n645 209 213<\/p>\n<\/div><\/section><\/div>\n<div class='flex_column av-bbj9o8-137d3110ccfe9ea7db54d0f78badbe64 av_one_fourth  avia-builder-el-4  el_after_av_one_full  el_before_av_one_half  first flex_column_div column-top-margin'     ><\/div>\n<div class='flex_column av-9nmms8-de97586f5bc83e2e939bccab7d66a3bd av_one_half  avia-builder-el-5  el_after_av_one_fourth  el_before_av_one_fourth  flex_column_div column-top-margin'     ><form action=\"\/es\/informacio-i-matricula\/\" method=\"post\"  class=\"avia_ajax_form av-form-labels-visible   avia-builder-el-6  avia-builder-el-no-sibling  av-custom-form-color av-dark-form\" data-avia-form-id=\"1\" data-avia-redirect='' data-trp-original-action=\"https:\/\/escoladedirecciobadalona.com\/es\/informacio-i-matricula\/\" ><fieldset><p class='first_form  form_element form_fullwidth' id='element_avia_1_1'><label for=\"avia_1_1\">nombre completo <abbr class=\"required\" title=\"requerido\">*<\/abbr><\/label> <input name=\"avia_1_1\" class=\"text_input is_empty\" type=\"text\" id=\"avia_1_1\" value=\"\" \/><\/p><p class='first_form  form_element form_fullwidth' id='element_avia_2_1'><label for=\"avia_2_1\">correo electr\u00f3nico <abbr class=\"required\" title=\"requerido\">*<\/abbr><\/label> <input name=\"avia_2_1\" class=\"text_input is_email\" type=\"text\" id=\"avia_2_1\" value=\"\" \/><\/p><p class='first_form  form_element form_element_half' id='element_avia_3_1'><label for=\"avia_3_1\">tel\u00e9fono <abbr class=\"required\" title=\"requerido\">*<\/abbr><\/label> <input name=\"avia_3_1\" class=\"text_input is_empty\" type=\"text\" id=\"avia_3_1\" value=\"\" \/><\/p><p class='form_element form_element_half' id='element_avia_4_1'><label for=\"avia_4_1\">major d\u2019edat <abbr class=\"required\" title=\"requerido\">*<\/abbr><\/label><select  name=\"avia_4_1\" class=\"select is_empty\" id=\"avia_4_1\"><option  value ='s\u00ed'>s\u00ed<\/option><option  value ='no'>no<\/option><\/select><\/p><p class='first_form  form_element form_fullwidth' id='element_avia_5_1'><label for=\"avia_5_1\">instrument principal <abbr class=\"required\" title=\"requerido\">*<\/abbr><\/label> <input name=\"avia_5_1\" class=\"text_input is_empty\" type=\"text\" id=\"avia_5_1\" value=\"\" \/><\/p><p class='first_form  form_element form_fullwidth' id='element_avia_6_1'><label for=\"avia_6_1\">experi\u00e8ncia dirigint <abbr class=\"required\" title=\"requerido\">*<\/abbr><\/label><select  name=\"avia_6_1\" class=\"select is_empty\" id=\"avia_6_1\"><option  value ='nul\u00b7la'>nula<\/option><option  value ='escassa'>escassa<\/option><option  value ='mitjana'>mitjana<\/option><option  value ='alta'>alta<\/option><\/select><\/p><p class='first_form  form_element form_fullwidth' id='element_avia_7_1'><label for=\"avia_7_1\">modalitat de matr\u00edcula <abbr class=\"required\" title=\"requerido\">*<\/abbr><\/label><select  name=\"avia_7_1\" class=\"select is_empty\" id=\"avia_7_1\"><option  value ='actiu'>activo<\/option><option  value ='oient'>oyente<\/option><\/select><\/p><p class='first_form  form_element form_fullwidth' id='element_avia_8_1'><label for=\"avia_8_1\">s\u00f3c alumne del Conservatori de Badalona <abbr class=\"required\" title=\"requerido\">*<\/abbr><\/label><select  name=\"avia_8_1\" class=\"select is_empty\" id=\"avia_8_1\"><option  value ='s\u00ed'>s\u00ed<\/option><option  value ='no'>no<\/option><\/select><\/p><p class='first_form  form_element form_fullwidth' id='element_avia_9_1'><label for=\"avia_9_1\">membresia <abbr class=\"required\" title=\"requerido\">*<\/abbr><\/label><select  name=\"avia_9_1\" class=\"select is_empty\" id=\"avia_9_1\"><option  value ='soc membre de la Banda Simf\u00f2nica de Badalona'>soc membre de la Banda Simf\u00f2nica de Badalona<\/option><option  value ='soc alumne del Conservatori de Badalona'>soc alumne del Conservatori de Badalona<\/option><option  value ='soc soci de la Federaci\u00f3 Catalana de Societats Musicals'>soc soci de la Federaci\u00f3 Catalana de Societats Musicals<\/option><option  value ='sense membresia'>sense membresia<\/option><\/select><\/p><p class='first_form  form_element form_fullwidth' id='element_avia_10_1'><label for=\"avia_10_1\">vull matr\u00edcular-me de <abbr class=\"required\" title=\"requerido\">*<\/abbr><\/label><select  name=\"avia_10_1\" class=\"select is_empty\" id=\"avia_10_1\"><option  value ='3 blocs'>3 blocs<\/option><option  value ='2 blocs'>2 blocs<\/option><option  value ='1 bloc'>1 bloc<\/option><\/select><\/p><p class='first_form  form_element form_fullwidth' id='element_avia_11_1'><label for=\"avia_11_1\">he llegit i ent\u00e8s les normes de matr\u00edcula <abbr class=\"required\" title=\"requerido\">*<\/abbr><\/label><select  name=\"avia_11_1\" class=\"select is_empty\" id=\"avia_11_1\"><option  value ='s\u00ed'>s\u00ed<\/option><option  value ='no'>no<\/option><\/select><\/p><p class=\"hidden\"><input type=\"text\" name=\"avia_12_1\" class=\"hidden\" id=\"avia_12_1\" value=\"\" \/><\/p><p class='form_element form_fullwidth' id='element_avia_13_1'><span class='value_verifier_label'>2 + 2 = ?<\/span><input name=\"avia_13_1_verifier\" type=\"hidden\" id=\"avia_13_1_verifier\" value=\"543312251\"\/><label for=\"avia_13_1\">Para mayor seguridad, responde la siguiente pregunta <abbr class=\"required\" title=\"requerido\">*<\/abbr><\/label><input name=\"avia_13_1\" class=\"text_input captcha\" type=\"text\" id=\"avia_13_1\" value=\"\"\/><\/p><p class=\"form_element\"><input type=\"hidden\" value=\"1\" name=\"avia_generated_form1\" \/><input type=\"submit\" value=\"enviar\" class=\"button\"  data-sending-label=\"Enviando\"\/><\/p><\/fieldset><input type=\"hidden\" name=\"trp-form-language\" value=\"es\"\/><\/form><div id=\"ajaxresponse_1\" class=\"ajaxresponse ajaxresponse_1 hidden\"><\/div><\/div><div class='flex_column av-7l2y4o-c74442c0dc8cada609d097953f41b9bd av_one_fourth  avia-builder-el-7  el_after_av_one_half  el_before_av_one_full  flex_column_div column-top-margin'     ><\/div><\/p>\n<div class='flex_column av-66y8zs-5f8014b656455410c2e584fc35f6830c av_one_full  avia-builder-el-8  el_after_av_one_fourth  el_before_av_heading  first flex_column_div column-top-margin'     ><\/div>\n\n<style type=\"text\/css\" data-created_by=\"avia_inline_auto\" id=\"style-css-av-m6o4cc4l-d31da3a464c2bdb88dfa72d712cc407c\">\n#top .av-special-heading.av-m6o4cc4l-d31da3a464c2bdb88dfa72d712cc407c{\npadding-bottom:10px;\n}\nbody .av-special-heading.av-m6o4cc4l-d31da3a464c2bdb88dfa72d712cc407c .av-special-heading-tag .heading-char{\nfont-size:25px;\n}\n.av-special-heading.av-m6o4cc4l-d31da3a464c2bdb88dfa72d712cc407c .av-subheading{\nfont-size:15px;\n}\n<\/style>\n<div  class='av-special-heading av-m6o4cc4l-d31da3a464c2bdb88dfa72d712cc407c av-special-heading-h2 blockquote modern-quote modern-centered  avia-builder-el-9  el_after_av_one_full  el_before_av_one_full'><h2 class='av-special-heading-tag'  itemprop=\"headline\"  >\u00a1Gracias!<\/h2><div class='av-subheading av-subheading_below'><p>Bienvenida. Bienvenido.<\/p>\n<\/div><div class=\"special-heading-border\"><div class=\"special-heading-inner-border\"><\/div><\/div><\/div>\n<div class='flex_column av-43shl4-6bc8156c9ce5f199e220c849b8fcee5c av_one_full  avia-builder-el-10  el_after_av_heading  el_before_av_one_full  first flex_column_div'     ><\/div>\n<div class='flex_column av-2yjkso-ae19618ecc8ebb2551589f27f64018e1 av_one_full  avia-builder-el-11  el_after_av_one_full  avia-builder-el-last  first flex_column_div column-top-margin'     ><\/div>","protected":false},"excerpt":{"rendered":"","protected":false},"author":2,"featured_media":2500,"parent":0,"menu_order":0,"comment_status":"closed","ping_status":"closed","template":"","meta":{"footnotes":""},"class_list":["post-2712","page","type-page","status-publish","has-post-thumbnail","hentry"],"yoast_head":"<!-- This site is optimized with the Yoast SEO plugin v23.7 - https:\/\/yoast.com\/wordpress\/plugins\/seo\/ -->\n<title>Informaci\u00f3 i matr\u00edcula - Escola Direcci\u00f3 Badalona<\/title>\n<meta name=\"robots\" content=\"index, follow, max-snippet:-1, max-image-preview:large, max-video-preview:-1\" \/>\n<link rel=\"canonical\" href=\"https:\/\/escoladedirecciobadalona.com\/es\/informacio-i-matricula\/\" \/>\n<meta property=\"og:locale\" content=\"es_ES\" \/>\n<meta property=\"og:type\" content=\"article\" \/>\n<meta property=\"og:title\" content=\"Informaci\u00f3 i matr\u00edcula - Escola Direcci\u00f3 Badalona\" \/>\n<meta property=\"og:url\" content=\"https:\/\/escoladedirecciobadalona.com\/es\/informacio-i-matricula\/\" \/>\n<meta property=\"og:site_name\" content=\"Escola Direcci\u00f3 Badalona\" \/>\n<meta property=\"article:modified_time\" content=\"2025-06-18T10:18:54+00:00\" \/>\n<meta property=\"og:image\" content=\"https:\/\/escoladedirecciobadalona.com\/wp-content\/uploads\/2024\/12\/Batutas-empunadura-madera.jpg\" \/>\n\t<meta property=\"og:image:width\" content=\"1200\" \/>\n\t<meta property=\"og:image:height\" content=\"800\" \/>\n\t<meta property=\"og:image:type\" content=\"image\/jpeg\" \/>\n<meta name=\"twitter:card\" content=\"summary_large_image\" \/>\n<meta name=\"twitter:label1\" content=\"Tiempo de lectura\" \/>\n\t<meta name=\"twitter:data1\" content=\"6 minutos\" \/>\n<script type=\"application\/ld+json\" class=\"yoast-schema-graph\">{\"@context\":\"https:\/\/schema.org\",\"@graph\":[{\"@type\":\"WebPage\",\"@id\":\"https:\/\/escoladedirecciobadalona.com\/informacio-i-matricula\/\",\"url\":\"https:\/\/escoladedirecciobadalona.com\/informacio-i-matricula\/\",\"name\":\"Informaci\u00f3 i matr\u00edcula - Escola Direcci\u00f3 Badalona\",\"isPartOf\":{\"@id\":\"https:\/\/escoladedirecciobadalona.com\/#website\"},\"primaryImageOfPage\":{\"@id\":\"https:\/\/escoladedirecciobadalona.com\/informacio-i-matricula\/#primaryimage\"},\"image\":{\"@id\":\"https:\/\/escoladedirecciobadalona.com\/informacio-i-matricula\/#primaryimage\"},\"thumbnailUrl\":\"https:\/\/escoladedirecciobadalona.com\/wp-content\/uploads\/2024\/12\/Batutas-empunadura-madera.jpg\",\"datePublished\":\"2025-02-02T21:13:16+00:00\",\"dateModified\":\"2025-06-18T10:18:54+00:00\",\"breadcrumb\":{\"@id\":\"https:\/\/escoladedirecciobadalona.com\/informacio-i-matricula\/#breadcrumb\"},\"inLanguage\":\"es\",\"potentialAction\":[{\"@type\":\"ReadAction\",\"target\":[\"https:\/\/escoladedirecciobadalona.com\/informacio-i-matricula\/\"]}]},{\"@type\":\"ImageObject\",\"inLanguage\":\"es\",\"@id\":\"https:\/\/escoladedirecciobadalona.com\/informacio-i-matricula\/#primaryimage\",\"url\":\"https:\/\/escoladedirecciobadalona.com\/wp-content\/uploads\/2024\/12\/Batutas-empunadura-madera.jpg\",\"contentUrl\":\"https:\/\/escoladedirecciobadalona.com\/wp-content\/uploads\/2024\/12\/Batutas-empunadura-madera.jpg\",\"width\":1200,\"height\":800},{\"@type\":\"BreadcrumbList\",\"@id\":\"https:\/\/escoladedirecciobadalona.com\/informacio-i-matricula\/#breadcrumb\",\"itemListElement\":[{\"@type\":\"ListItem\",\"position\":1,\"name\":\"Portada\",\"item\":\"https:\/\/escoladedirecciobadalona.com\/\"},{\"@type\":\"ListItem\",\"position\":2,\"name\":\"Informaci\u00f3 i matr\u00edcula\"}]},{\"@type\":\"WebSite\",\"@id\":\"https:\/\/escoladedirecciobadalona.com\/#website\",\"url\":\"https:\/\/escoladedirecciobadalona.com\/\",\"name\":\"Escola Direcci\u00f3 Badalona\",\"description\":\"\",\"potentialAction\":[{\"@type\":\"SearchAction\",\"target\":{\"@type\":\"EntryPoint\",\"urlTemplate\":\"https:\/\/escoladedirecciobadalona.com\/?s={search_term_string}\"},\"query-input\":{\"@type\":\"PropertyValueSpecification\",\"valueRequired\":true,\"valueName\":\"search_term_string\"}}],\"inLanguage\":\"es\"}]}<\/script>\n<!-- \/ Yoast SEO plugin. -->","yoast_head_json":{"title":"Informaci\u00f3 i matr\u00edcula - Escola Direcci\u00f3 Badalona","robots":{"index":"index","follow":"follow","max-snippet":"max-snippet:-1","max-image-preview":"max-image-preview:large","max-video-preview":"max-video-preview:-1"},"canonical":"https:\/\/escoladedirecciobadalona.com\/es\/informacio-i-matricula\/","og_locale":"es_ES","og_type":"article","og_title":"Informaci\u00f3 i matr\u00edcula - Escola Direcci\u00f3 Badalona","og_url":"https:\/\/escoladedirecciobadalona.com\/es\/informacio-i-matricula\/","og_site_name":"Escola Direcci\u00f3 Badalona","article_modified_time":"2025-06-18T10:18:54+00:00","og_image":[{"width":1200,"height":800,"url":"https:\/\/escoladedirecciobadalona.com\/wp-content\/uploads\/2024\/12\/Batutas-empunadura-madera.jpg","type":"image\/jpeg"}],"twitter_card":"summary_large_image","twitter_misc":{"Tiempo de lectura":"6 minutos"},"schema":{"@context":"https:\/\/schema.org","@graph":[{"@type":"WebPage","@id":"https:\/\/escoladedirecciobadalona.com\/informacio-i-matricula\/","url":"https:\/\/escoladedirecciobadalona.com\/informacio-i-matricula\/","name":"Informaci\u00f3 i matr\u00edcula - Escola Direcci\u00f3 Badalona","isPartOf":{"@id":"https:\/\/escoladedirecciobadalona.com\/#website"},"primaryImageOfPage":{"@id":"https:\/\/escoladedirecciobadalona.com\/informacio-i-matricula\/#primaryimage"},"image":{"@id":"https:\/\/escoladedirecciobadalona.com\/informacio-i-matricula\/#primaryimage"},"thumbnailUrl":"https:\/\/escoladedirecciobadalona.com\/wp-content\/uploads\/2024\/12\/Batutas-empunadura-madera.jpg","datePublished":"2025-02-02T21:13:16+00:00","dateModified":"2025-06-18T10:18:54+00:00","breadcrumb":{"@id":"https:\/\/escoladedirecciobadalona.com\/informacio-i-matricula\/#breadcrumb"},"inLanguage":"es","potentialAction":[{"@type":"ReadAction","target":["https:\/\/escoladedirecciobadalona.com\/informacio-i-matricula\/"]}]},{"@type":"ImageObject","inLanguage":"es","@id":"https:\/\/escoladedirecciobadalona.com\/informacio-i-matricula\/#primaryimage","url":"https:\/\/escoladedirecciobadalona.com\/wp-content\/uploads\/2024\/12\/Batutas-empunadura-madera.jpg","contentUrl":"https:\/\/escoladedirecciobadalona.com\/wp-content\/uploads\/2024\/12\/Batutas-empunadura-madera.jpg","width":1200,"height":800},{"@type":"BreadcrumbList","@id":"https:\/\/escoladedirecciobadalona.com\/informacio-i-matricula\/#breadcrumb","itemListElement":[{"@type":"ListItem","position":1,"name":"Portada","item":"https:\/\/escoladedirecciobadalona.com\/"},{"@type":"ListItem","position":2,"name":"Informaci\u00f3 i matr\u00edcula"}]},{"@type":"WebSite","@id":"https:\/\/escoladedirecciobadalona.com\/#website","url":"https:\/\/escoladedirecciobadalona.com\/","name":"Escola Direcci\u00f3 Badalona","description":"","potentialAction":[{"@type":"SearchAction","target":{"@type":"EntryPoint","urlTemplate":"https:\/\/escoladedirecciobadalona.com\/?s={search_term_string}"},"query-input":{"@type":"PropertyValueSpecification","valueRequired":true,"valueName":"search_term_string"}}],"inLanguage":"es"}]}},"_links":{"self":[{"href":"https:\/\/escoladedirecciobadalona.com\/es\/wp-json\/wp\/v2\/pages\/2712","targetHints":{"allow":["GET"]}}],"collection":[{"href":"https:\/\/escoladedirecciobadalona.com\/es\/wp-json\/wp\/v2\/pages"}],"about":[{"href":"https:\/\/escoladedirecciobadalona.com\/es\/wp-json\/wp\/v2\/types\/page"}],"author":[{"embeddable":true,"href":"https:\/\/escoladedirecciobadalona.com\/es\/wp-json\/wp\/v2\/users\/2"}],"replies":[{"embeddable":true,"href":"https:\/\/escoladedirecciobadalona.com\/es\/wp-json\/wp\/v2\/comments?post=2712"}],"version-history":[{"count":7,"href":"https:\/\/escoladedirecciobadalona.com\/es\/wp-json\/wp\/v2\/pages\/2712\/revisions"}],"predecessor-version":[{"id":2993,"href":"https:\/\/escoladedirecciobadalona.com\/es\/wp-json\/wp\/v2\/pages\/2712\/revisions\/2993"}],"wp:featuredmedia":[{"embeddable":true,"href":"https:\/\/escoladedirecciobadalona.com\/es\/wp-json\/wp\/v2\/media\/2500"}],"wp:attachment":[{"href":"https:\/\/escoladedirecciobadalona.com\/es\/wp-json\/wp\/v2\/media?parent=2712"}],"curies":[{"name":"wp","href":"https:\/\/api.w.org\/{rel}","templated":true}]}}