{"id":2659,"date":"2025-02-02T19:53:41","date_gmt":"2025-02-02T19:53:41","guid":{"rendered":"https:\/\/escoladedirecciobadalona.com\/?page_id=2659"},"modified":"2025-06-18T10:15:41","modified_gmt":"2025-06-18T10:15:41","slug":"valor","status":"publish","type":"page","link":"https:\/\/escoladedirecciobadalona.com\/es\/valor\/","title":{"rendered":"Valor"},"content":{"rendered":"<div class='flex_column av-humrn-6d9abfd68202aa4c2b8f82522a5394dc av_one_full  avia-builder-el-0  el_before_av_heading  avia-builder-el-first  first flex_column_div'     ><\/div>\n\n<style type=\"text\/css\" data-created_by=\"avia_inline_auto\" id=\"style-css-av-m6o1qomp-c2df9a70d18de7c1091654f179301371\">\n#top .av-special-heading.av-m6o1qomp-c2df9a70d18de7c1091654f179301371{\npadding-bottom:10px;\n}\nbody .av-special-heading.av-m6o1qomp-c2df9a70d18de7c1091654f179301371 .av-special-heading-tag .heading-char{\nfont-size:25px;\n}\n.av-special-heading.av-m6o1qomp-c2df9a70d18de7c1091654f179301371 .av-subheading{\nfont-size:15px;\n}\n<\/style>\n<div  class='av-special-heading av-m6o1qomp-c2df9a70d18de7c1091654f179301371 av-special-heading-h2 blockquote modern-quote modern-centered  avia-builder-el-1  el_after_av_one_full  el_before_av_one_full'><h2 class='av-special-heading-tag'  itemprop=\"headline\"  >Alumnes actius<\/h2><div class='av-subheading av-subheading_below'><p>participen activament a les classes te\u00f2riques i pr\u00e0ctiques presencials i online<\/p>\n<\/div><div class=\"special-heading-border\"><div class=\"special-heading-inner-border\"><\/div><\/div><\/div>\n<div class='flex_column av-4mczwj-c8b0e5982a3cbf01c4ee7e30a99bb478 av_one_full  avia-builder-el-2  el_after_av_heading  el_before_av_one_third  first flex_column_div'     ><\/div>\n<div class='flex_column av-1xdww3-42fa60b95e8c9df015fd690fd7db7b8e av_one_third  avia-builder-el-3  el_after_av_one_full  el_before_av_one_third  first flex_column_div column-top-margin'     ><\/div>\n<div class='flex_column av-64hasj-60f0155ff45c3473ae992f53fce4f8c0 av_one_third  avia-builder-el-4  el_after_av_one_third  el_before_av_one_third  flex_column_div column-top-margin'     ><div  class='av-catalogue-container av-m6o1i2u8-a9ec643f8af07f19f4d8b34c3845c5b0  avia-builder-el-5  avia-builder-el-no-sibling'><ul class='av-catalogue-list'>\n<li><div class='av-catalogue-item av-m6o1ekan-1fe7984bc23b16ed2ce07ee4fb09e175'><div class=\"av-catalogue-item-inner\"><div class=\"av-catalogue-title-container\"><div class='av-catalogue-title'>Bloque 1<\/div><div class='av-catalogue-price'>350 \u20ac <\/div><\/div><div class=\"av-catalogue-content\"><\/div><\/div><\/div><\/li>\n<li><div class='av-catalogue-item av-m6o1grp1-294eff095067b969f99bcedb2a359792'><div class=\"av-catalogue-item-inner\"><div class=\"av-catalogue-title-container\"><div class='av-catalogue-title'>Bloque 2<\/div><div class='av-catalogue-price'>350 \u20ac<\/div><\/div><div class=\"av-catalogue-content\"><\/div><\/div><\/div><\/li>\n<li><div class='av-catalogue-item av-m6o1gyt1-a5971283aa50bd801ffe278039f865c9'><div class=\"av-catalogue-item-inner\"><div class=\"av-catalogue-title-container\"><div class='av-catalogue-title'>Bloque 3<\/div><div class='av-catalogue-price'>350 \u20ac<\/div><\/div><div class=\"av-catalogue-content\"><\/div><\/div><\/div><\/li>\n<li><div class='av-catalogue-item av-maus6hxe-cad08b940c549fa1e42b9782958fb1cb'><div class=\"av-catalogue-item-inner\"><div class=\"av-catalogue-title-container\"><div class='av-catalogue-title'>masterclass juliol<\/div><div class='av-catalogue-price'>67 \u20ac<\/div><\/div><div class=\"av-catalogue-content\">\n47\u20ac alumnado que realice los 3 m\u00f3dulos en el curso 25-26<br \/>\n<\/div><\/div><\/div><\/li>\n<\/ul><\/div><\/div>\n<div class='flex_column av-4dh7k3-fdbc609495b084941baa7d7bc4dd2413 av_one_third  avia-builder-el-6  el_after_av_one_third  el_before_av_one_third  flex_column_div column-top-margin'     ><\/div>\n<div class='flex_column av-3apocz-ee977907f1d9431b16ee4d78ecc9eff6 av_one_third  avia-builder-el-7  el_after_av_one_third  el_before_av_one_third  first flex_column_div column-top-margin'     ><\/div>\n<div class='flex_column av-9nxzoz-555ab86504bd02c987e0d11d90ce0a0c av_one_third  avia-builder-el-8  el_after_av_one_third  el_before_av_one_third  flex_column_div column-top-margin'     ><div  class='av-catalogue-container av-m6o1knn5-1475c205e06942f9db0dca46a61fe8b6  avia-builder-el-9  avia-builder-el-no-sibling'><ul class='av-catalogue-list'>\n<li><div class='av-catalogue-item av-7gtheb-e5e93342cca0bfae4f522b06db079dc3'><div class=\"av-catalogue-item-inner\"><div class=\"av-catalogue-title-container\"><div class='av-catalogue-title'>2 Blocs<\/div><div class='av-catalogue-price'>600 \u20ac<\/div><\/div><div class=\"av-catalogue-content\"><\/div><\/div><\/div><\/li>\n<li><div class='av-catalogue-item av-6gvz1f-e8405e26609d459d09a5b2e26c9df876'><div class=\"av-catalogue-item-inner\"><div class=\"av-catalogue-title-container\"><div class='av-catalogue-title'>3 Blocs<\/div><div class='av-catalogue-price'>750 \u20ac<\/div><\/div><div class=\"av-catalogue-content\"><\/div><\/div><\/div><\/li>\n<\/ul><\/div><\/div>\n<div class='flex_column av-4nrslv-0412aea84cb3bec1c4c6b741996368a8 av_one_third  avia-builder-el-10  el_after_av_one_third  el_before_av_one_full  flex_column_div column-top-margin'     ><\/div>\n<div class='flex_column av-2wzf5f-42f6feb15b6b6abf81a8df607827f047 av_one_full  avia-builder-el-11  el_after_av_one_third  el_before_av_heading  first flex_column_div column-top-margin'     ><\/div>\n\n<style type=\"text\/css\" data-created_by=\"avia_inline_auto\" id=\"style-css-av-m6o1s4u2-b01fe2a824f17271bf6eda0a689280ac\">\n#top .av-special-heading.av-m6o1s4u2-b01fe2a824f17271bf6eda0a689280ac{\npadding-bottom:10px;\n}\nbody .av-special-heading.av-m6o1s4u2-b01fe2a824f17271bf6eda0a689280ac .av-special-heading-tag .heading-char{\nfont-size:25px;\n}\n.av-special-heading.av-m6o1s4u2-b01fe2a824f17271bf6eda0a689280ac .av-subheading{\nfont-size:15px;\n}\n<\/style>\n<div  class='av-special-heading av-m6o1s4u2-b01fe2a824f17271bf6eda0a689280ac av-special-heading-h2 blockquote modern-quote modern-centered  avia-builder-el-12  el_after_av_one_full  el_before_av_one_full'><h2 class='av-special-heading-tag'  itemprop=\"headline\"  >Alumnes oients<\/h2><div class='av-subheading av-subheading_below'><p>participen activament a les classes te\u00f2riques i presencials I online per\u00f2 no a les pr\u00e0ctiques amb piano, ensemble i banda<\/p>\n<\/div><div class=\"special-heading-border\"><div class=\"special-heading-inner-border\"><\/div><\/div><\/div>\n<div class='flex_column av-2hz2zn-4dd2267751d820e4d757c9f2ed5dae6b av_one_full  avia-builder-el-13  el_after_av_heading  el_before_av_one_third  first flex_column_div'     ><\/div>\n<div class='flex_column av-2ehhdv-365603c696ca23b31a08de4b78b39e2d av_one_third  avia-builder-el-14  el_after_av_one_full  el_before_av_one_third  first flex_column_div column-top-margin'     ><\/div>\n<div class='flex_column av-e89exv-8f193a3eb432dbb44582aaecd9294b99 av_one_third  avia-builder-el-15  el_after_av_one_third  el_before_av_one_third  flex_column_div column-top-margin'     ><div  class='av-catalogue-container av-m6o1sulc-b3606b4d1b73ae8fc5ce7853fec8f5ab  avia-builder-el-16  avia-builder-el-no-sibling'><ul class='av-catalogue-list'>\n<li><div class='av-catalogue-item av-m6o1si5h-8934424bfca0ab317f1bb33e0f76d12f'><div class=\"av-catalogue-item-inner\"><div class=\"av-catalogue-title-container\"><div class='av-catalogue-title'>Bloque 1<\/div><div class='av-catalogue-price'>150 \u20ac<\/div><\/div><div class=\"av-catalogue-content\"><\/div><\/div><\/div><\/li>\n<li><div class='av-catalogue-item av-m6o1sndc-791b7a2a3109f4f3c381237498697f3c'><div class=\"av-catalogue-item-inner\"><div class=\"av-catalogue-title-container\"><div class='av-catalogue-title'>Bloque 2<\/div><div class='av-catalogue-price'>150 \u20ac<\/div><\/div><div class=\"av-catalogue-content\"><\/div><\/div><\/div><\/li>\n<li><div class='av-catalogue-item av-m6o1ss8p-2329406a5e99fd2167620963d8506a32'><div class=\"av-catalogue-item-inner\"><div class=\"av-catalogue-title-container\"><div class='av-catalogue-title'>Bloque 3<\/div><div class='av-catalogue-price'>150 \u20ac<\/div><\/div><div class=\"av-catalogue-content\"><\/div><\/div><\/div><\/li>\n<\/ul><\/div><\/div><div class='flex_column av-cwxvs3-def284080ed42f5dafacca2f6c2c56fe av_one_third  avia-builder-el-17  el_after_av_one_third  el_before_av_one_third  flex_column_div column-top-margin'     ><\/div><\/p>\n<div class='flex_column av-a8rqfn-54d5f346f54a5eb6efa8e6c28491718e av_one_third  avia-builder-el-18  el_after_av_one_third  el_before_av_one_third  first flex_column_div column-top-margin'     ><\/div>\n<div class='flex_column av-9aovrn-c510742d13299a27eda13a210636a28b av_one_third  avia-builder-el-19  el_after_av_one_third  el_before_av_one_third  flex_column_div column-top-margin'     ><div  class='av-catalogue-container av-m6o1tpw3-926d75fc70255d083d503532e7e52883  avia-builder-el-20  avia-builder-el-no-sibling'><ul class='av-catalogue-list'>\n<li><div class='av-catalogue-item av-m6o1tf3e-db06132a72d73be45e3b012a6d25933f'><div class=\"av-catalogue-item-inner\"><div class=\"av-catalogue-title-container\"><div class='av-catalogue-title'>2 Blocs<\/div><div class='av-catalogue-price'>200 \u20ac<\/div><\/div><div class=\"av-catalogue-content\"><\/div><\/div><\/div><\/li>\n<li><div class='av-catalogue-item av-m6o1toq8-f29c5dd72e943a5da53647504bb31b2c'><div class=\"av-catalogue-item-inner\"><div class=\"av-catalogue-title-container\"><div class='av-catalogue-title'>3 Blocs<\/div><div class='av-catalogue-price'>350 \u20ac<\/div><\/div><div class=\"av-catalogue-content\"><\/div><\/div><\/div><\/li>\n<\/ul><\/div><\/div>\n<div class='flex_column av-7kgvc3-51f3aa19709d9ecfff2874fe004e9fc4 av_one_third  avia-builder-el-21  el_after_av_one_third  el_before_av_one_full  flex_column_div column-top-margin'     ><\/div>\n<div class='flex_column av-24zu03-70cf12b0268265a8b0b74af2a7cad593 av_one_full  avia-builder-el-22  el_after_av_one_third  el_before_av_textblock  first flex_column_div column-top-margin'     ><\/div>\n\n<style type=\"text\/css\" data-created_by=\"avia_inline_auto\" id=\"style-css-av-m6o24lm7-c9f9c5bdebaa2e7cb8df98537140961a\">\n#top .av_textblock_section.av-m6o24lm7-c9f9c5bdebaa2e7cb8df98537140961a .avia_textblock{\nfont-size:19px;\n}\n<\/style>\n<section  class='av_textblock_section av-m6o24lm7-c9f9c5bdebaa2e7cb8df98537140961a'  itemscope=\"itemscope\" itemtype=\"https:\/\/schema.org\/CreativeWork\" ><div class='avia_textblock'  itemprop=\"text\" ><p style=\"text-align: center;\"><strong>N.B.<\/strong> els alumnes provinents del <strong>Conservatori Professional de Badalona, <\/strong>de la <strong>Banda Sinf\u00f3nica de Badalona <\/strong>i membres de la<strong> Federaci\u00f3 Catalana de Societats Musicals <\/strong>\u00a0tindran un descompte del 20% sobre la tarifa d&#8217;alumne actiu i del 100% sobre la tarifa d&#8217;alumnes oient.<\/p>\n<\/div><\/section>\n\n<style type=\"text\/css\" data-created_by=\"avia_inline_auto\" id=\"style-css-av-m6o1m3rj-92734361d43a12359d6c317896c4b0c2\">\n#top .av-special-heading.av-m6o1m3rj-92734361d43a12359d6c317896c4b0c2{\npadding-bottom:10px;\n}\nbody .av-special-heading.av-m6o1m3rj-92734361d43a12359d6c317896c4b0c2 .av-special-heading-tag .heading-char{\nfont-size:25px;\n}\n.av-special-heading.av-m6o1m3rj-92734361d43a12359d6c317896c4b0c2 .av-subheading{\nfont-size:15px;\n}\n<\/style>\n<div  class='av-special-heading av-m6o1m3rj-92734361d43a12359d6c317896c4b0c2 av-special-heading-h2 blockquote modern-quote modern-centered  avia-builder-el-24  el_after_av_textblock  el_before_av_one_full'><h2 class='av-special-heading-tag'  itemprop=\"headline\"  >Normes de matr\u00edcula<\/h2><div class=\"special-heading-border\"><div class=\"special-heading-inner-border\"><\/div><\/div><\/div>\n<div class='flex_column av-2kulub-65a55999184fd6818526d0f751d81d5e av_one_full  avia-builder-el-25  el_after_av_heading  el_before_av_one_full  first flex_column_div'     ><style type=\"text\/css\" data-created_by=\"avia_inline_auto\" id=\"style-css-av-m6o1nzem-3e2241312f717bc993b7cf68fef2812b\">\n#top .av_textblock_section.av-m6o1nzem-3e2241312f717bc993b7cf68fef2812b .avia_textblock{\nfont-size:19px;\n}\n<\/style>\n<section  class='av_textblock_section av-m6o1nzem-3e2241312f717bc993b7cf68fef2812b'  itemscope=\"itemscope\" itemtype=\"https:\/\/schema.org\/CreativeWork\" ><div class='avia_textblock'  itemprop=\"text\" ><p style=\"text-align: center;\">La participaci\u00f3 a l&#8217;<strong>Escuela de Direcci\u00f3n de Badalona<\/strong> ser\u00e0 efectiva una vegada que s&#8217;ha fet el pagament del bloc o blocs seleccionats.<\/p>\n<p style=\"text-align: center;\">El valor de la matr\u00edcula ha d&#8217;estar efectuat abans del comen\u00e7ament de cada bloc. En ca\u0219 de seleccionar m\u00e9s d&#8217;un bloc s&#8217;abonar\u00e0 el 60% del valor total i el 40% restant, abats del comen\u00e7ament de l&#8217;ultim bloc a realitzar.<\/p>\n<p style=\"text-align: center;\">El valor total de la matr\u00edcula ser\u00e0 tornat \u00edntegrament si es cancel\u00b7len les classes abans d&#8217;iniciar-les o en cas de for\u00e7a major justificada per part de l&#8217;alumne. Una vegada comen\u00e7at el curs (o cada bloc seleccionat) no es tornar\u00e0 cap despesa de la matr\u00edcula.<\/p>\n<\/div><\/section><\/div>\n<div class='flex_column av-4mis8j-4380bbe6ccd05dd29e1cd97455019c3f av_one_full  avia-builder-el-27  el_after_av_one_full  el_before_av_button  first flex_column_div column-top-margin'     ><\/div>\n<div  class='avia-button-wrap av-m6o1lipu-37c68d76a0c5087397464627b28fc8ab-wrap avia-button-center  avia-builder-el-28  el_after_av_one_full  el_before_av_one_full' ><a href='https:\/\/escoladedirecciobadalona.com\/es\/informacio-i-matricula\/'  class='avia-button av-m6o1lipu-37c68d76a0c5087397464627b28fc8ab avia-icon_select-no avia-size-small avia-position-center avia-color-theme-color' ><span class='avia_iconbox_title' >vull matricular-me<\/span><\/a><\/div>\n<div class='flex_column av-2ed72b-088ca2e709aaeee3db896f91507c8592 av_one_full  avia-builder-el-29  el_after_av_button  avia-builder-el-last  first flex_column_div'     ><\/div>","protected":false},"excerpt":{"rendered":"","protected":false},"author":2,"featured_media":2500,"parent":0,"menu_order":0,"comment_status":"closed","ping_status":"closed","template":"","meta":{"footnotes":""},"class_list":["post-2659","page","type-page","status-publish","has-post-thumbnail","hentry"],"yoast_head":"<!-- This site is optimized with the Yoast SEO plugin v23.7 - https:\/\/yoast.com\/wordpress\/plugins\/seo\/ -->\n<title>Valor - Escola Direcci\u00f3 Badalona<\/title>\n<meta name=\"robots\" content=\"index, follow, max-snippet:-1, max-image-preview:large, max-video-preview:-1\" \/>\n<link rel=\"canonical\" href=\"https:\/\/escoladedirecciobadalona.com\/es\/valor\/\" \/>\n<meta property=\"og:locale\" content=\"es_ES\" \/>\n<meta property=\"og:type\" content=\"article\" \/>\n<meta property=\"og:title\" content=\"Valor - Escola Direcci\u00f3 Badalona\" \/>\n<meta property=\"og:url\" content=\"https:\/\/escoladedirecciobadalona.com\/es\/valor\/\" \/>\n<meta property=\"og:site_name\" content=\"Escola Direcci\u00f3 Badalona\" \/>\n<meta property=\"article:modified_time\" content=\"2025-06-18T10:15:41+00:00\" \/>\n<meta property=\"og:image\" content=\"https:\/\/escoladedirecciobadalona.com\/wp-content\/uploads\/2024\/12\/Batutas-empunadura-madera.jpg\" \/>\n\t<meta property=\"og:image:width\" content=\"1200\" \/>\n\t<meta property=\"og:image:height\" content=\"800\" \/>\n\t<meta property=\"og:image:type\" content=\"image\/jpeg\" \/>\n<meta name=\"twitter:card\" content=\"summary_large_image\" \/>\n<meta name=\"twitter:label1\" content=\"Tiempo de lectura\" \/>\n\t<meta name=\"twitter:data1\" content=\"12 minutos\" \/>\n<script type=\"application\/ld+json\" class=\"yoast-schema-graph\">{\"@context\":\"https:\/\/schema.org\",\"@graph\":[{\"@type\":\"WebPage\",\"@id\":\"https:\/\/escoladedirecciobadalona.com\/valor\/\",\"url\":\"https:\/\/escoladedirecciobadalona.com\/valor\/\",\"name\":\"Valor - Escola Direcci\u00f3 Badalona\",\"isPartOf\":{\"@id\":\"https:\/\/escoladedirecciobadalona.com\/#website\"},\"primaryImageOfPage\":{\"@id\":\"https:\/\/escoladedirecciobadalona.com\/valor\/#primaryimage\"},\"image\":{\"@id\":\"https:\/\/escoladedirecciobadalona.com\/valor\/#primaryimage\"},\"thumbnailUrl\":\"https:\/\/escoladedirecciobadalona.com\/wp-content\/uploads\/2024\/12\/Batutas-empunadura-madera.jpg\",\"datePublished\":\"2025-02-02T19:53:41+00:00\",\"dateModified\":\"2025-06-18T10:15:41+00:00\",\"breadcrumb\":{\"@id\":\"https:\/\/escoladedirecciobadalona.com\/valor\/#breadcrumb\"},\"inLanguage\":\"es\",\"potentialAction\":[{\"@type\":\"ReadAction\",\"target\":[\"https:\/\/escoladedirecciobadalona.com\/valor\/\"]}]},{\"@type\":\"ImageObject\",\"inLanguage\":\"es\",\"@id\":\"https:\/\/escoladedirecciobadalona.com\/valor\/#primaryimage\",\"url\":\"https:\/\/escoladedirecciobadalona.com\/wp-content\/uploads\/2024\/12\/Batutas-empunadura-madera.jpg\",\"contentUrl\":\"https:\/\/escoladedirecciobadalona.com\/wp-content\/uploads\/2024\/12\/Batutas-empunadura-madera.jpg\",\"width\":1200,\"height\":800},{\"@type\":\"BreadcrumbList\",\"@id\":\"https:\/\/escoladedirecciobadalona.com\/valor\/#breadcrumb\",\"itemListElement\":[{\"@type\":\"ListItem\",\"position\":1,\"name\":\"Portada\",\"item\":\"https:\/\/escoladedirecciobadalona.com\/\"},{\"@type\":\"ListItem\",\"position\":2,\"name\":\"Valor\"}]},{\"@type\":\"WebSite\",\"@id\":\"https:\/\/escoladedirecciobadalona.com\/#website\",\"url\":\"https:\/\/escoladedirecciobadalona.com\/\",\"name\":\"Escola Direcci\u00f3 Badalona\",\"description\":\"\",\"potentialAction\":[{\"@type\":\"SearchAction\",\"target\":{\"@type\":\"EntryPoint\",\"urlTemplate\":\"https:\/\/escoladedirecciobadalona.com\/?s={search_term_string}\"},\"query-input\":{\"@type\":\"PropertyValueSpecification\",\"valueRequired\":true,\"valueName\":\"search_term_string\"}}],\"inLanguage\":\"es\"}]}<\/script>\n<!-- \/ Yoast SEO plugin. -->","yoast_head_json":{"title":"Valor - Escola Direcci\u00f3 Badalona","robots":{"index":"index","follow":"follow","max-snippet":"max-snippet:-1","max-image-preview":"max-image-preview:large","max-video-preview":"max-video-preview:-1"},"canonical":"https:\/\/escoladedirecciobadalona.com\/es\/valor\/","og_locale":"es_ES","og_type":"article","og_title":"Valor - Escola Direcci\u00f3 Badalona","og_url":"https:\/\/escoladedirecciobadalona.com\/es\/valor\/","og_site_name":"Escola Direcci\u00f3 Badalona","article_modified_time":"2025-06-18T10:15:41+00:00","og_image":[{"width":1200,"height":800,"url":"https:\/\/escoladedirecciobadalona.com\/wp-content\/uploads\/2024\/12\/Batutas-empunadura-madera.jpg","type":"image\/jpeg"}],"twitter_card":"summary_large_image","twitter_misc":{"Tiempo de lectura":"12 minutos"},"schema":{"@context":"https:\/\/schema.org","@graph":[{"@type":"WebPage","@id":"https:\/\/escoladedirecciobadalona.com\/valor\/","url":"https:\/\/escoladedirecciobadalona.com\/valor\/","name":"Valor - Escola Direcci\u00f3 Badalona","isPartOf":{"@id":"https:\/\/escoladedirecciobadalona.com\/#website"},"primaryImageOfPage":{"@id":"https:\/\/escoladedirecciobadalona.com\/valor\/#primaryimage"},"image":{"@id":"https:\/\/escoladedirecciobadalona.com\/valor\/#primaryimage"},"thumbnailUrl":"https:\/\/escoladedirecciobadalona.com\/wp-content\/uploads\/2024\/12\/Batutas-empunadura-madera.jpg","datePublished":"2025-02-02T19:53:41+00:00","dateModified":"2025-06-18T10:15:41+00:00","breadcrumb":{"@id":"https:\/\/escoladedirecciobadalona.com\/valor\/#breadcrumb"},"inLanguage":"es","potentialAction":[{"@type":"ReadAction","target":["https:\/\/escoladedirecciobadalona.com\/valor\/"]}]},{"@type":"ImageObject","inLanguage":"es","@id":"https:\/\/escoladedirecciobadalona.com\/valor\/#primaryimage","url":"https:\/\/escoladedirecciobadalona.com\/wp-content\/uploads\/2024\/12\/Batutas-empunadura-madera.jpg","contentUrl":"https:\/\/escoladedirecciobadalona.com\/wp-content\/uploads\/2024\/12\/Batutas-empunadura-madera.jpg","width":1200,"height":800},{"@type":"BreadcrumbList","@id":"https:\/\/escoladedirecciobadalona.com\/valor\/#breadcrumb","itemListElement":[{"@type":"ListItem","position":1,"name":"Portada","item":"https:\/\/escoladedirecciobadalona.com\/"},{"@type":"ListItem","position":2,"name":"Valor"}]},{"@type":"WebSite","@id":"https:\/\/escoladedirecciobadalona.com\/#website","url":"https:\/\/escoladedirecciobadalona.com\/","name":"Escola Direcci\u00f3 Badalona","description":"","potentialAction":[{"@type":"SearchAction","target":{"@type":"EntryPoint","urlTemplate":"https:\/\/escoladedirecciobadalona.com\/?s={search_term_string}"},"query-input":{"@type":"PropertyValueSpecification","valueRequired":true,"valueName":"search_term_string"}}],"inLanguage":"es"}]}},"_links":{"self":[{"href":"https:\/\/escoladedirecciobadalona.com\/es\/wp-json\/wp\/v2\/pages\/2659","targetHints":{"allow":["GET"]}}],"collection":[{"href":"https:\/\/escoladedirecciobadalona.com\/es\/wp-json\/wp\/v2\/pages"}],"about":[{"href":"https:\/\/escoladedirecciobadalona.com\/es\/wp-json\/wp\/v2\/types\/page"}],"author":[{"embeddable":true,"href":"https:\/\/escoladedirecciobadalona.com\/es\/wp-json\/wp\/v2\/users\/2"}],"replies":[{"embeddable":true,"href":"https:\/\/escoladedirecciobadalona.com\/es\/wp-json\/wp\/v2\/comments?post=2659"}],"version-history":[{"count":29,"href":"https:\/\/escoladedirecciobadalona.com\/es\/wp-json\/wp\/v2\/pages\/2659\/revisions"}],"predecessor-version":[{"id":2984,"href":"https:\/\/escoladedirecciobadalona.com\/es\/wp-json\/wp\/v2\/pages\/2659\/revisions\/2984"}],"wp:featuredmedia":[{"embeddable":true,"href":"https:\/\/escoladedirecciobadalona.com\/es\/wp-json\/wp\/v2\/media\/2500"}],"wp:attachment":[{"href":"https:\/\/escoladedirecciobadalona.com\/es\/wp-json\/wp\/v2\/media?parent=2659"}],"curies":[{"name":"wp","href":"https:\/\/api.w.org\/{rel}","templated":true}]}}