{"id":2623,"date":"2025-02-02T18:53:57","date_gmt":"2025-02-02T18:53:57","guid":{"rendered":"https:\/\/escoladedirecciobadalona.com\/?page_id=2623"},"modified":"2025-07-04T11:00:11","modified_gmt":"2025-07-04T11:00:11","slug":"inscripcio","status":"publish","type":"page","link":"https:\/\/escoladedirecciobadalona.com\/es\/inscripcio\/","title":{"rendered":"Informaci\u00f3n e inscripci\u00f3n"},"content":{"rendered":"<div class='flex_column av-4jtwjz-689b684f737e5925561a31ebfa8e8e2f av_one_full  avia-builder-el-0  el_before_av_heading  avia-builder-el-first  first flex_column_div'     ><\/div>\n\n<style type=\"text\/css\" data-created_by=\"avia_inline_auto\" id=\"style-css-av-m6nzbtzj-bf54e10c04e8ef801b320be47178b0c3\">\n#top .av-special-heading.av-m6nzbtzj-bf54e10c04e8ef801b320be47178b0c3{\npadding-bottom:10px;\n}\nbody .av-special-heading.av-m6nzbtzj-bf54e10c04e8ef801b320be47178b0c3 .av-special-heading-tag .heading-char{\nfont-size:25px;\n}\n.av-special-heading.av-m6nzbtzj-bf54e10c04e8ef801b320be47178b0c3 .av-subheading{\nfont-size:15px;\n}\n<\/style>\n<div  class='av-special-heading av-m6nzbtzj-bf54e10c04e8ef801b320be47178b0c3 av-special-heading-h2 blockquote modern-quote modern-centered  avia-builder-el-1  el_after_av_one_full  el_before_av_textblock'><h2 class='av-special-heading-tag'  itemprop=\"headline\"  >Planning de clases<\/h2><div class=\"special-heading-border\"><div class=\"special-heading-inner-border\"><\/div><\/div><\/div>\n\n<style type=\"text\/css\" data-created_by=\"avia_inline_auto\" id=\"style-css-av-m6nzdc36-97040e54c79c60304237c3b5f0e72d13\">\n#top .av_textblock_section.av-m6nzdc36-97040e54c79c60304237c3b5f0e72d13 .avia_textblock{\nfont-size:19px;\n}\n<\/style>\n<section  class='av_textblock_section av-m6nzdc36-97040e54c79c60304237c3b5f0e72d13'  itemscope=\"itemscope\" itemtype=\"https:\/\/schema.org\/CreativeWork\" ><div class='avia_textblock'  itemprop=\"text\" ><p style=\"text-align: center;\">Dividiremos el a\u00f1o en <strong>3 bloques temporales<\/strong> on desenvoluparem diferents classes te\u00f2riques i practiques presencials i tutoritzaci\u00f3 i seguiment online. Cada any tindr\u00e0 una <strong>masterclass de verano<\/strong>.<\/p>\n<p style=\"text-align: center;\"><strong>Ya puedes matricularte en la Escuela de Direccion de Badalona.<\/strong><\/p>\n<\/div><\/section>\n<div class='flex_column av-5i2bu7-3dd17adefc86dbf69c1a907c0bfe6e92 av_one_third  avia-builder-el-3  el_after_av_textblock  el_before_av_one_third  first flex_column_div column-top-margin'     ><style type=\"text\/css\" data-created_by=\"avia_inline_auto\" id=\"style-css-av-m6nzi2t6-4b0b29cc26e4b6fe7681cf1fc917e062\">\n.avia-image-container.av-m6nzi2t6-4b0b29cc26e4b6fe7681cf1fc917e062 img.avia_image{\nbox-shadow:none;\n}\n.avia-image-container.av-m6nzi2t6-4b0b29cc26e4b6fe7681cf1fc917e062 .av-image-caption-overlay-center{\ncolor:#ffffff;\n}\n<\/style>\n<div  class='avia-image-container av-m6nzi2t6-4b0b29cc26e4b6fe7681cf1fc917e062 av-styling- avia-align-center  avia-builder-el-4  avia-builder-el-no-sibling'   itemprop=\"image\" itemscope=\"itemscope\" itemtype=\"https:\/\/schema.org\/ImageObject\" ><div class=\"avia-image-container-inner\"><div class=\"avia-image-overlay-wrap\"><a href=\"https:\/\/escoladedirecciobadalona.com\/es\/bloc-1\/\" class='avia_image' ><img decoding=\"async\" class='wp-image-2872 avia-img-lazy-loading-not-2872 avia_image' src=\"https:\/\/escoladedirecciobadalona.com\/wp-content\/uploads\/2025\/05\/1.png\" alt='' title='1'  height=\"500\" width=\"500\"  itemprop=\"thumbnailUrl\" srcset=\"https:\/\/escoladedirecciobadalona.com\/wp-content\/uploads\/2025\/05\/1.png 500w, https:\/\/escoladedirecciobadalona.com\/wp-content\/uploads\/2025\/05\/1-300x300.png 300w, https:\/\/escoladedirecciobadalona.com\/wp-content\/uploads\/2025\/05\/1-80x80.png 80w, https:\/\/escoladedirecciobadalona.com\/wp-content\/uploads\/2025\/05\/1-12x12.png 12w, https:\/\/escoladedirecciobadalona.com\/wp-content\/uploads\/2025\/05\/1-36x36.png 36w, https:\/\/escoladedirecciobadalona.com\/wp-content\/uploads\/2025\/05\/1-180x180.png 180w\" sizes=\"(max-width: 500px) 100vw, 500px\" \/><\/a><\/div><\/div><\/div><\/div>\n<div class='flex_column av-4i63rz-7f37019acb7a0b39f0bb0945244fda17 av_one_third  avia-builder-el-5  el_after_av_one_third  el_before_av_one_third  flex_column_div column-top-margin'     ><style type=\"text\/css\" data-created_by=\"avia_inline_auto\" id=\"style-css-av-m6nziccl-c6d4511c1d1d3927812131575ed8d3ec\">\n.avia-image-container.av-m6nziccl-c6d4511c1d1d3927812131575ed8d3ec img.avia_image{\nbox-shadow:none;\n}\n.avia-image-container.av-m6nziccl-c6d4511c1d1d3927812131575ed8d3ec .av-image-caption-overlay-center{\ncolor:#ffffff;\n}\n<\/style>\n<div  class='avia-image-container av-m6nziccl-c6d4511c1d1d3927812131575ed8d3ec av-styling- avia-align-center  avia-builder-el-6  avia-builder-el-no-sibling'   itemprop=\"image\" itemscope=\"itemscope\" itemtype=\"https:\/\/schema.org\/ImageObject\" ><div class=\"avia-image-container-inner\"><div class=\"avia-image-overlay-wrap\"><a href=\"https:\/\/escoladedirecciobadalona.com\/es\/bloc-2\/\" class='avia_image' ><img decoding=\"async\" class='wp-image-2873 avia-img-lazy-loading-not-2873 avia_image' src=\"https:\/\/escoladedirecciobadalona.com\/wp-content\/uploads\/2025\/05\/2-1.png\" alt='' title='2'  height=\"500\" width=\"500\"  itemprop=\"thumbnailUrl\" srcset=\"https:\/\/escoladedirecciobadalona.com\/wp-content\/uploads\/2025\/05\/2-1.png 500w, https:\/\/escoladedirecciobadalona.com\/wp-content\/uploads\/2025\/05\/2-1-300x300.png 300w, https:\/\/escoladedirecciobadalona.com\/wp-content\/uploads\/2025\/05\/2-1-80x80.png 80w, https:\/\/escoladedirecciobadalona.com\/wp-content\/uploads\/2025\/05\/2-1-12x12.png 12w, https:\/\/escoladedirecciobadalona.com\/wp-content\/uploads\/2025\/05\/2-1-36x36.png 36w, https:\/\/escoladedirecciobadalona.com\/wp-content\/uploads\/2025\/05\/2-1-180x180.png 180w\" sizes=\"(max-width: 500px) 100vw, 500px\" \/><\/a><\/div><\/div><\/div><\/div>\n<div class='flex_column av-38s0m7-fa77fd3729fbd0e76640f3cc37609a3c av_one_third  avia-builder-el-7  el_after_av_one_third  el_before_av_one_full  flex_column_div column-top-margin'     ><style type=\"text\/css\" data-created_by=\"avia_inline_auto\" id=\"style-css-av-m6nzikap-10b7b3389c6503943554dfdff068a58b\">\n.avia-image-container.av-m6nzikap-10b7b3389c6503943554dfdff068a58b img.avia_image{\nbox-shadow:none;\n}\n.avia-image-container.av-m6nzikap-10b7b3389c6503943554dfdff068a58b .av-image-caption-overlay-center{\ncolor:#ffffff;\n}\n<\/style>\n<div  class='avia-image-container av-m6nzikap-10b7b3389c6503943554dfdff068a58b av-styling- avia-align-center  avia-builder-el-8  avia-builder-el-no-sibling'   itemprop=\"image\" itemscope=\"itemscope\" itemtype=\"https:\/\/schema.org\/ImageObject\" ><div class=\"avia-image-container-inner\"><div class=\"avia-image-overlay-wrap\"><a href=\"https:\/\/escoladedirecciobadalona.com\/es\/bloc-3\/\" class='avia_image' ><img decoding=\"async\" class='wp-image-2874 avia-img-lazy-loading-not-2874 avia_image' src=\"https:\/\/escoladedirecciobadalona.com\/wp-content\/uploads\/2025\/05\/3-1.png\" alt='' title='3'  height=\"500\" width=\"500\"  itemprop=\"thumbnailUrl\" srcset=\"https:\/\/escoladedirecciobadalona.com\/wp-content\/uploads\/2025\/05\/3-1.png 500w, https:\/\/escoladedirecciobadalona.com\/wp-content\/uploads\/2025\/05\/3-1-300x300.png 300w, https:\/\/escoladedirecciobadalona.com\/wp-content\/uploads\/2025\/05\/3-1-80x80.png 80w, https:\/\/escoladedirecciobadalona.com\/wp-content\/uploads\/2025\/05\/3-1-12x12.png 12w, https:\/\/escoladedirecciobadalona.com\/wp-content\/uploads\/2025\/05\/3-1-36x36.png 36w, https:\/\/escoladedirecciobadalona.com\/wp-content\/uploads\/2025\/05\/3-1-180x180.png 180w\" sizes=\"(max-width: 500px) 100vw, 500px\" \/><\/a><\/div><\/div><\/div><\/div>\n<div class='flex_column av-tujz-f51f5142eafdffbdbecd51cebf78e731 av_one_full  avia-builder-el-9  el_after_av_one_third  avia-builder-el-last  first flex_column_div column-top-margin'     ><\/div>","protected":false},"excerpt":{"rendered":"","protected":false},"author":2,"featured_media":2500,"parent":0,"menu_order":0,"comment_status":"closed","ping_status":"closed","template":"","meta":{"footnotes":""},"class_list":["post-2623","page","type-page","status-publish","has-post-thumbnail","hentry"],"yoast_head":"<!-- This site is optimized with the Yoast SEO plugin v23.7 - https:\/\/yoast.com\/wordpress\/plugins\/seo\/ -->\n<title>Informaci\u00f3 i inscripci\u00f3 - Escola Direcci\u00f3 Badalona<\/title>\n<meta name=\"robots\" content=\"index, follow, max-snippet:-1, max-image-preview:large, max-video-preview:-1\" \/>\n<link rel=\"canonical\" href=\"https:\/\/escoladedirecciobadalona.com\/es\/inscripcio\/\" \/>\n<meta property=\"og:locale\" content=\"es_ES\" \/>\n<meta property=\"og:type\" content=\"article\" \/>\n<meta property=\"og:title\" content=\"Informaci\u00f3 i inscripci\u00f3 - Escola Direcci\u00f3 Badalona\" \/>\n<meta property=\"og:url\" content=\"https:\/\/escoladedirecciobadalona.com\/es\/inscripcio\/\" \/>\n<meta property=\"og:site_name\" content=\"Escola Direcci\u00f3 Badalona\" \/>\n<meta property=\"article:modified_time\" content=\"2025-07-04T11:00:11+00:00\" \/>\n<meta property=\"og:image\" content=\"https:\/\/escoladedirecciobadalona.com\/wp-content\/uploads\/2024\/12\/Batutas-empunadura-madera.jpg\" \/>\n\t<meta property=\"og:image:width\" content=\"1200\" \/>\n\t<meta property=\"og:image:height\" content=\"800\" \/>\n\t<meta property=\"og:image:type\" content=\"image\/jpeg\" \/>\n<meta name=\"twitter:card\" content=\"summary_large_image\" \/>\n<meta name=\"twitter:label1\" content=\"Tiempo de lectura\" \/>\n\t<meta name=\"twitter:data1\" content=\"5 minutos\" \/>\n<script type=\"application\/ld+json\" class=\"yoast-schema-graph\">{\"@context\":\"https:\/\/schema.org\",\"@graph\":[{\"@type\":\"WebPage\",\"@id\":\"https:\/\/escoladedirecciobadalona.com\/inscripcio\/\",\"url\":\"https:\/\/escoladedirecciobadalona.com\/inscripcio\/\",\"name\":\"Informaci\u00f3 i inscripci\u00f3 - Escola Direcci\u00f3 Badalona\",\"isPartOf\":{\"@id\":\"https:\/\/escoladedirecciobadalona.com\/#website\"},\"primaryImageOfPage\":{\"@id\":\"https:\/\/escoladedirecciobadalona.com\/inscripcio\/#primaryimage\"},\"image\":{\"@id\":\"https:\/\/escoladedirecciobadalona.com\/inscripcio\/#primaryimage\"},\"thumbnailUrl\":\"https:\/\/escoladedirecciobadalona.com\/wp-content\/uploads\/2024\/12\/Batutas-empunadura-madera.jpg\",\"datePublished\":\"2025-02-02T18:53:57+00:00\",\"dateModified\":\"2025-07-04T11:00:11+00:00\",\"breadcrumb\":{\"@id\":\"https:\/\/escoladedirecciobadalona.com\/inscripcio\/#breadcrumb\"},\"inLanguage\":\"es\",\"potentialAction\":[{\"@type\":\"ReadAction\",\"target\":[\"https:\/\/escoladedirecciobadalona.com\/inscripcio\/\"]}]},{\"@type\":\"ImageObject\",\"inLanguage\":\"es\",\"@id\":\"https:\/\/escoladedirecciobadalona.com\/inscripcio\/#primaryimage\",\"url\":\"https:\/\/escoladedirecciobadalona.com\/wp-content\/uploads\/2024\/12\/Batutas-empunadura-madera.jpg\",\"contentUrl\":\"https:\/\/escoladedirecciobadalona.com\/wp-content\/uploads\/2024\/12\/Batutas-empunadura-madera.jpg\",\"width\":1200,\"height\":800},{\"@type\":\"BreadcrumbList\",\"@id\":\"https:\/\/escoladedirecciobadalona.com\/inscripcio\/#breadcrumb\",\"itemListElement\":[{\"@type\":\"ListItem\",\"position\":1,\"name\":\"Portada\",\"item\":\"https:\/\/escoladedirecciobadalona.com\/\"},{\"@type\":\"ListItem\",\"position\":2,\"name\":\"Informaci\u00f3 i inscripci\u00f3\"}]},{\"@type\":\"WebSite\",\"@id\":\"https:\/\/escoladedirecciobadalona.com\/#website\",\"url\":\"https:\/\/escoladedirecciobadalona.com\/\",\"name\":\"Escola Direcci\u00f3 Badalona\",\"description\":\"\",\"potentialAction\":[{\"@type\":\"SearchAction\",\"target\":{\"@type\":\"EntryPoint\",\"urlTemplate\":\"https:\/\/escoladedirecciobadalona.com\/?s={search_term_string}\"},\"query-input\":{\"@type\":\"PropertyValueSpecification\",\"valueRequired\":true,\"valueName\":\"search_term_string\"}}],\"inLanguage\":\"es\"}]}<\/script>\n<!-- \/ Yoast SEO plugin. -->","yoast_head_json":{"title":"Informaci\u00f3 i inscripci\u00f3 - Escola Direcci\u00f3 Badalona","robots":{"index":"index","follow":"follow","max-snippet":"max-snippet:-1","max-image-preview":"max-image-preview:large","max-video-preview":"max-video-preview:-1"},"canonical":"https:\/\/escoladedirecciobadalona.com\/es\/inscripcio\/","og_locale":"es_ES","og_type":"article","og_title":"Informaci\u00f3 i inscripci\u00f3 - Escola Direcci\u00f3 Badalona","og_url":"https:\/\/escoladedirecciobadalona.com\/es\/inscripcio\/","og_site_name":"Escola Direcci\u00f3 Badalona","article_modified_time":"2025-07-04T11:00:11+00:00","og_image":[{"width":1200,"height":800,"url":"https:\/\/escoladedirecciobadalona.com\/wp-content\/uploads\/2024\/12\/Batutas-empunadura-madera.jpg","type":"image\/jpeg"}],"twitter_card":"summary_large_image","twitter_misc":{"Tiempo de lectura":"5 minutos"},"schema":{"@context":"https:\/\/schema.org","@graph":[{"@type":"WebPage","@id":"https:\/\/escoladedirecciobadalona.com\/inscripcio\/","url":"https:\/\/escoladedirecciobadalona.com\/inscripcio\/","name":"Informaci\u00f3 i inscripci\u00f3 - Escola Direcci\u00f3 Badalona","isPartOf":{"@id":"https:\/\/escoladedirecciobadalona.com\/#website"},"primaryImageOfPage":{"@id":"https:\/\/escoladedirecciobadalona.com\/inscripcio\/#primaryimage"},"image":{"@id":"https:\/\/escoladedirecciobadalona.com\/inscripcio\/#primaryimage"},"thumbnailUrl":"https:\/\/escoladedirecciobadalona.com\/wp-content\/uploads\/2024\/12\/Batutas-empunadura-madera.jpg","datePublished":"2025-02-02T18:53:57+00:00","dateModified":"2025-07-04T11:00:11+00:00","breadcrumb":{"@id":"https:\/\/escoladedirecciobadalona.com\/inscripcio\/#breadcrumb"},"inLanguage":"es","potentialAction":[{"@type":"ReadAction","target":["https:\/\/escoladedirecciobadalona.com\/inscripcio\/"]}]},{"@type":"ImageObject","inLanguage":"es","@id":"https:\/\/escoladedirecciobadalona.com\/inscripcio\/#primaryimage","url":"https:\/\/escoladedirecciobadalona.com\/wp-content\/uploads\/2024\/12\/Batutas-empunadura-madera.jpg","contentUrl":"https:\/\/escoladedirecciobadalona.com\/wp-content\/uploads\/2024\/12\/Batutas-empunadura-madera.jpg","width":1200,"height":800},{"@type":"BreadcrumbList","@id":"https:\/\/escoladedirecciobadalona.com\/inscripcio\/#breadcrumb","itemListElement":[{"@type":"ListItem","position":1,"name":"Portada","item":"https:\/\/escoladedirecciobadalona.com\/"},{"@type":"ListItem","position":2,"name":"Informaci\u00f3 i inscripci\u00f3"}]},{"@type":"WebSite","@id":"https:\/\/escoladedirecciobadalona.com\/#website","url":"https:\/\/escoladedirecciobadalona.com\/","name":"Escola Direcci\u00f3 Badalona","description":"","potentialAction":[{"@type":"SearchAction","target":{"@type":"EntryPoint","urlTemplate":"https:\/\/escoladedirecciobadalona.com\/?s={search_term_string}"},"query-input":{"@type":"PropertyValueSpecification","valueRequired":true,"valueName":"search_term_string"}}],"inLanguage":"es"}]}},"_links":{"self":[{"href":"https:\/\/escoladedirecciobadalona.com\/es\/wp-json\/wp\/v2\/pages\/2623","targetHints":{"allow":["GET"]}}],"collection":[{"href":"https:\/\/escoladedirecciobadalona.com\/es\/wp-json\/wp\/v2\/pages"}],"about":[{"href":"https:\/\/escoladedirecciobadalona.com\/es\/wp-json\/wp\/v2\/types\/page"}],"author":[{"embeddable":true,"href":"https:\/\/escoladedirecciobadalona.com\/es\/wp-json\/wp\/v2\/users\/2"}],"replies":[{"embeddable":true,"href":"https:\/\/escoladedirecciobadalona.com\/es\/wp-json\/wp\/v2\/comments?post=2623"}],"version-history":[{"count":23,"href":"https:\/\/escoladedirecciobadalona.com\/es\/wp-json\/wp\/v2\/pages\/2623\/revisions"}],"predecessor-version":[{"id":2991,"href":"https:\/\/escoladedirecciobadalona.com\/es\/wp-json\/wp\/v2\/pages\/2623\/revisions\/2991"}],"wp:featuredmedia":[{"embeddable":true,"href":"https:\/\/escoladedirecciobadalona.com\/es\/wp-json\/wp\/v2\/media\/2500"}],"wp:attachment":[{"href":"https:\/\/escoladedirecciobadalona.com\/es\/wp-json\/wp\/v2\/media?parent=2623"}],"curies":[{"name":"wp","href":"https:\/\/api.w.org\/{rel}","templated":true}]}}