{"id":2155,"date":"2024-10-28T10:03:47","date_gmt":"2024-10-28T10:03:47","guid":{"rendered":"https:\/\/escoladedirecciobadalona.com\/?page_id=2155"},"modified":"2025-10-04T14:15:05","modified_gmt":"2025-10-04T14:15:05","slug":"joan-ballesteros","status":"publish","type":"page","link":"https:\/\/escoladedirecciobadalona.com\/es\/joan-ballesteros\/","title":{"rendered":"Juan F.  Ballesteros"},"content":{"rendered":"<style type=\"text\/css\" data-created_by=\"avia_inline_auto\" id=\"style-css-av-7i8hff-2379d08d0237e4cea5d0506eb5b84124\">\n.avia-section.av-7i8hff-2379d08d0237e4cea5d0506eb5b84124{\nmargin-top:0px;\nmargin-bottom:0px;\n}\n<\/style>\n<div id='av_section_1'  class='avia-section av-7i8hff-2379d08d0237e4cea5d0506eb5b84124 main_color avia-section-large avia-no-border-styling  avia-builder-el-0  avia-builder-el-no-sibling  avia-bg-style-scroll container_wrap fullsize'  ><div class='container av-section-cont-open' ><main  role=\"main\" itemprop=\"mainContentOfPage\"  class='template-page content  av-content-full alpha units'><div class='post-entry post-entry-type-page post-entry-2155'><div class='entry-content-wrapper clearfix'>\n<div class='flex_column av-5sw6yz-90b17d618225d09b94617998e033c031 av_one_fourth  avia-builder-el-1  el_before_av_one_half  avia-builder-el-first  first flex_column_div'     ><\/div><div class='flex_column av-3pgcwr-6835c2034591e3678ebfe05e2136d196 av_one_half  avia-builder-el-2  el_after_av_one_fourth  el_before_av_one_fourth  flex_column_div'     ><p>\n<style type=\"text\/css\" data-created_by=\"avia_inline_auto\" id=\"style-css-av-m3och5za-b5e3a47d568ddd7af5855b93cefa24c5\">\n.avia-image-container.av-m3och5za-b5e3a47d568ddd7af5855b93cefa24c5 img.avia_image{\nbox-shadow:none;\n}\n.avia-image-container.av-m3och5za-b5e3a47d568ddd7af5855b93cefa24c5 .av-image-caption-overlay-center{\ncolor:#ffffff;\n}\n<\/style>\n<div  class='avia-image-container av-m3och5za-b5e3a47d568ddd7af5855b93cefa24c5 av-styling- avia-align-center  avia-builder-el-3  el_before_av_hr  avia-builder-el-first'   itemprop=\"image\" itemscope=\"itemscope\" itemtype=\"https:\/\/schema.org\/ImageObject\" ><div class=\"avia-image-container-inner\"><div class=\"avia-image-overlay-wrap\"><img decoding=\"async\" class='wp-image-738 avia-img-lazy-loading-not-738 avia_image' src=\"https:\/\/escoladedirecciobadalona.com\/wp-content\/uploads\/2022\/11\/foto-jf.png\" alt='' title='foto jf'  height=\"500\" width=\"500\"  itemprop=\"thumbnailUrl\" srcset=\"https:\/\/escoladedirecciobadalona.com\/wp-content\/uploads\/2022\/11\/foto-jf.png 500w, https:\/\/escoladedirecciobadalona.com\/wp-content\/uploads\/2022\/11\/foto-jf-300x300.png 300w, https:\/\/escoladedirecciobadalona.com\/wp-content\/uploads\/2022\/11\/foto-jf-80x80.png 80w, https:\/\/escoladedirecciobadalona.com\/wp-content\/uploads\/2022\/11\/foto-jf-36x36.png 36w, https:\/\/escoladedirecciobadalona.com\/wp-content\/uploads\/2022\/11\/foto-jf-180x180.png 180w\" sizes=\"(max-width: 500px) 100vw, 500px\" \/><\/div><\/div><\/div><br \/>\n\n<style type=\"text\/css\" data-created_by=\"avia_inline_auto\" id=\"style-css-av-m3oduhw8-873bbee2790d53c8706240ca0acab95f\">\n#top .hr.hr-invisible.av-m3oduhw8-873bbee2790d53c8706240ca0acab95f{\nheight:10px;\n}\n<\/style>\n<div  class='hr av-m3oduhw8-873bbee2790d53c8706240ca0acab95f hr-invisible  avia-builder-el-4  el_after_av_image  el_before_av_textblock'><span class='hr-inner'><span class=\"hr-inner-style\"><\/span><\/span><\/div><br \/>\n<section  class='av_textblock_section av-m2sumu4i-533fee6639920d559e4f00d8db8a3315'  itemscope=\"itemscope\" itemtype=\"https:\/\/schema.org\/CreativeWork\" ><div class='avia_textblock'  itemprop=\"text\" ><p style=\"text-align: center;\">Nascut a Val\u00e8ncia, format a la seva ciutat natal, Estocolm i Varese. Director d&#8217;orquestra, banda i cor. Pianista, compositor i productor musical. Creador del primer postgrau a Espanya universitari en direcci\u00f3 de banda i en direcci\u00f3 de cor. S&#8217;ha posat al capdavant d&#8217;agrupacions com a JONDE. (Jove Orquestra Nacional d&#8217;Espanya), Bandes Municipals de Barcelona, Oviedo, Eivissa i Badalona. Creador de les escoles de direcci\u00f3 de Toledo i Badalona. \u00c9s gerent de la Banda de Dones de Catalunya i de la JOIB (Jove Orquestra dels Illes Balears). Col\u00b7labora amb el Centro Superior de M\u00fasica de Galicia (CSM). Escriptor i conferenciant. Algun dels seus t\u00edtols, C\u00f3mo dirigir una banda y no morir en el intento, Marketing elemental para m\u00fasicos expertos, Organiza-T, Apaga Facebook y vende m\u00e1s, Manual de supervivencia para dirigir un coro. Especialista en m\u00e0rqueting musical, did\u00e0ctica d&#8217;assaig i finances. Autor del blog Pensar la Banda i de Finanzas para llevar. Resideix a Eivissa amb la seva fam\u00edlia.<\/p>\n<\/div><\/section><\/p><\/div><div class='flex_column av-28cpgr-a9f15655087fefe296449d17ac88c6b3 av_one_fourth  avia-builder-el-6  el_after_av_one_half  avia-builder-el-last  flex_column_div'     ><\/div>","protected":false},"excerpt":{"rendered":"","protected":false},"author":2,"featured_media":2500,"parent":0,"menu_order":0,"comment_status":"closed","ping_status":"closed","template":"","meta":{"footnotes":""},"class_list":["post-2155","page","type-page","status-publish","has-post-thumbnail","hentry"],"yoast_head":"<!-- This site is optimized with the Yoast SEO plugin v23.7 - https:\/\/yoast.com\/wordpress\/plugins\/seo\/ -->\n<title>Juan F. Ballesteros - Escola Direcci\u00f3 Badalona<\/title>\n<meta name=\"robots\" content=\"index, follow, max-snippet:-1, max-image-preview:large, max-video-preview:-1\" \/>\n<link rel=\"canonical\" href=\"https:\/\/escoladedirecciobadalona.com\/es\/joan-ballesteros\/\" \/>\n<meta property=\"og:locale\" content=\"es_ES\" \/>\n<meta property=\"og:type\" content=\"article\" \/>\n<meta property=\"og:title\" content=\"Juan F. Ballesteros - Escola Direcci\u00f3 Badalona\" \/>\n<meta property=\"og:url\" content=\"https:\/\/escoladedirecciobadalona.com\/es\/joan-ballesteros\/\" \/>\n<meta property=\"og:site_name\" content=\"Escola Direcci\u00f3 Badalona\" \/>\n<meta property=\"article:modified_time\" content=\"2025-10-04T14:15:05+00:00\" \/>\n<meta property=\"og:image\" content=\"https:\/\/escoladedirecciobadalona.com\/wp-content\/uploads\/2024\/12\/Batutas-empunadura-madera.jpg\" \/>\n\t<meta property=\"og:image:width\" content=\"1200\" \/>\n\t<meta property=\"og:image:height\" content=\"800\" \/>\n\t<meta property=\"og:image:type\" content=\"image\/jpeg\" \/>\n<meta name=\"twitter:card\" content=\"summary_large_image\" \/>\n<meta name=\"twitter:label1\" content=\"Tiempo de lectura\" \/>\n\t<meta name=\"twitter:data1\" content=\"3 minutos\" \/>\n<script type=\"application\/ld+json\" class=\"yoast-schema-graph\">{\"@context\":\"https:\/\/schema.org\",\"@graph\":[{\"@type\":\"WebPage\",\"@id\":\"https:\/\/escoladedirecciobadalona.com\/joan-ballesteros\/\",\"url\":\"https:\/\/escoladedirecciobadalona.com\/joan-ballesteros\/\",\"name\":\"Juan F. Ballesteros - Escola Direcci\u00f3 Badalona\",\"isPartOf\":{\"@id\":\"https:\/\/escoladedirecciobadalona.com\/#website\"},\"primaryImageOfPage\":{\"@id\":\"https:\/\/escoladedirecciobadalona.com\/joan-ballesteros\/#primaryimage\"},\"image\":{\"@id\":\"https:\/\/escoladedirecciobadalona.com\/joan-ballesteros\/#primaryimage\"},\"thumbnailUrl\":\"https:\/\/escoladedirecciobadalona.com\/wp-content\/uploads\/2024\/12\/Batutas-empunadura-madera.jpg\",\"datePublished\":\"2024-10-28T10:03:47+00:00\",\"dateModified\":\"2025-10-04T14:15:05+00:00\",\"breadcrumb\":{\"@id\":\"https:\/\/escoladedirecciobadalona.com\/joan-ballesteros\/#breadcrumb\"},\"inLanguage\":\"es\",\"potentialAction\":[{\"@type\":\"ReadAction\",\"target\":[\"https:\/\/escoladedirecciobadalona.com\/joan-ballesteros\/\"]}]},{\"@type\":\"ImageObject\",\"inLanguage\":\"es\",\"@id\":\"https:\/\/escoladedirecciobadalona.com\/joan-ballesteros\/#primaryimage\",\"url\":\"https:\/\/escoladedirecciobadalona.com\/wp-content\/uploads\/2024\/12\/Batutas-empunadura-madera.jpg\",\"contentUrl\":\"https:\/\/escoladedirecciobadalona.com\/wp-content\/uploads\/2024\/12\/Batutas-empunadura-madera.jpg\",\"width\":1200,\"height\":800},{\"@type\":\"BreadcrumbList\",\"@id\":\"https:\/\/escoladedirecciobadalona.com\/joan-ballesteros\/#breadcrumb\",\"itemListElement\":[{\"@type\":\"ListItem\",\"position\":1,\"name\":\"Portada\",\"item\":\"https:\/\/escoladedirecciobadalona.com\/\"},{\"@type\":\"ListItem\",\"position\":2,\"name\":\"Juan F. Ballesteros\"}]},{\"@type\":\"WebSite\",\"@id\":\"https:\/\/escoladedirecciobadalona.com\/#website\",\"url\":\"https:\/\/escoladedirecciobadalona.com\/\",\"name\":\"Escola Direcci\u00f3 Badalona\",\"description\":\"\",\"potentialAction\":[{\"@type\":\"SearchAction\",\"target\":{\"@type\":\"EntryPoint\",\"urlTemplate\":\"https:\/\/escoladedirecciobadalona.com\/?s={search_term_string}\"},\"query-input\":{\"@type\":\"PropertyValueSpecification\",\"valueRequired\":true,\"valueName\":\"search_term_string\"}}],\"inLanguage\":\"es\"}]}<\/script>\n<!-- \/ Yoast SEO plugin. -->","yoast_head_json":{"title":"Juan F. Ballesteros - Escola Direcci\u00f3 Badalona","robots":{"index":"index","follow":"follow","max-snippet":"max-snippet:-1","max-image-preview":"max-image-preview:large","max-video-preview":"max-video-preview:-1"},"canonical":"https:\/\/escoladedirecciobadalona.com\/es\/joan-ballesteros\/","og_locale":"es_ES","og_type":"article","og_title":"Juan F. Ballesteros - Escola Direcci\u00f3 Badalona","og_url":"https:\/\/escoladedirecciobadalona.com\/es\/joan-ballesteros\/","og_site_name":"Escola Direcci\u00f3 Badalona","article_modified_time":"2025-10-04T14:15:05+00:00","og_image":[{"width":1200,"height":800,"url":"https:\/\/escoladedirecciobadalona.com\/wp-content\/uploads\/2024\/12\/Batutas-empunadura-madera.jpg","type":"image\/jpeg"}],"twitter_card":"summary_large_image","twitter_misc":{"Tiempo de lectura":"3 minutos"},"schema":{"@context":"https:\/\/schema.org","@graph":[{"@type":"WebPage","@id":"https:\/\/escoladedirecciobadalona.com\/joan-ballesteros\/","url":"https:\/\/escoladedirecciobadalona.com\/joan-ballesteros\/","name":"Juan F. Ballesteros - Escola Direcci\u00f3 Badalona","isPartOf":{"@id":"https:\/\/escoladedirecciobadalona.com\/#website"},"primaryImageOfPage":{"@id":"https:\/\/escoladedirecciobadalona.com\/joan-ballesteros\/#primaryimage"},"image":{"@id":"https:\/\/escoladedirecciobadalona.com\/joan-ballesteros\/#primaryimage"},"thumbnailUrl":"https:\/\/escoladedirecciobadalona.com\/wp-content\/uploads\/2024\/12\/Batutas-empunadura-madera.jpg","datePublished":"2024-10-28T10:03:47+00:00","dateModified":"2025-10-04T14:15:05+00:00","breadcrumb":{"@id":"https:\/\/escoladedirecciobadalona.com\/joan-ballesteros\/#breadcrumb"},"inLanguage":"es","potentialAction":[{"@type":"ReadAction","target":["https:\/\/escoladedirecciobadalona.com\/joan-ballesteros\/"]}]},{"@type":"ImageObject","inLanguage":"es","@id":"https:\/\/escoladedirecciobadalona.com\/joan-ballesteros\/#primaryimage","url":"https:\/\/escoladedirecciobadalona.com\/wp-content\/uploads\/2024\/12\/Batutas-empunadura-madera.jpg","contentUrl":"https:\/\/escoladedirecciobadalona.com\/wp-content\/uploads\/2024\/12\/Batutas-empunadura-madera.jpg","width":1200,"height":800},{"@type":"BreadcrumbList","@id":"https:\/\/escoladedirecciobadalona.com\/joan-ballesteros\/#breadcrumb","itemListElement":[{"@type":"ListItem","position":1,"name":"Portada","item":"https:\/\/escoladedirecciobadalona.com\/"},{"@type":"ListItem","position":2,"name":"Juan F. Ballesteros"}]},{"@type":"WebSite","@id":"https:\/\/escoladedirecciobadalona.com\/#website","url":"https:\/\/escoladedirecciobadalona.com\/","name":"Escola Direcci\u00f3 Badalona","description":"","potentialAction":[{"@type":"SearchAction","target":{"@type":"EntryPoint","urlTemplate":"https:\/\/escoladedirecciobadalona.com\/?s={search_term_string}"},"query-input":{"@type":"PropertyValueSpecification","valueRequired":true,"valueName":"search_term_string"}}],"inLanguage":"es"}]}},"_links":{"self":[{"href":"https:\/\/escoladedirecciobadalona.com\/es\/wp-json\/wp\/v2\/pages\/2155","targetHints":{"allow":["GET"]}}],"collection":[{"href":"https:\/\/escoladedirecciobadalona.com\/es\/wp-json\/wp\/v2\/pages"}],"about":[{"href":"https:\/\/escoladedirecciobadalona.com\/es\/wp-json\/wp\/v2\/types\/page"}],"author":[{"embeddable":true,"href":"https:\/\/escoladedirecciobadalona.com\/es\/wp-json\/wp\/v2\/users\/2"}],"replies":[{"embeddable":true,"href":"https:\/\/escoladedirecciobadalona.com\/es\/wp-json\/wp\/v2\/comments?post=2155"}],"version-history":[{"count":12,"href":"https:\/\/escoladedirecciobadalona.com\/es\/wp-json\/wp\/v2\/pages\/2155\/revisions"}],"predecessor-version":[{"id":2994,"href":"https:\/\/escoladedirecciobadalona.com\/es\/wp-json\/wp\/v2\/pages\/2155\/revisions\/2994"}],"wp:featuredmedia":[{"embeddable":true,"href":"https:\/\/escoladedirecciobadalona.com\/es\/wp-json\/wp\/v2\/media\/2500"}],"wp:attachment":[{"href":"https:\/\/escoladedirecciobadalona.com\/es\/wp-json\/wp\/v2\/media?parent=2155"}],"curies":[{"name":"wp","href":"https:\/\/api.w.org\/{rel}","templated":true}]}}