{"id":2152,"date":"2024-10-28T10:03:01","date_gmt":"2024-10-28T10:03:01","guid":{"rendered":"https:\/\/escoladedirecciobadalona.com\/?page_id=2152"},"modified":"2025-02-10T20:39:20","modified_gmt":"2025-02-10T20:39:20","slug":"miquel-arrue","status":"publish","type":"page","link":"https:\/\/escoladedirecciobadalona.com\/es\/miquel-arrue\/","title":{"rendered":"Miquel Arru\u00e9"},"content":{"rendered":"<style type=\"text\/css\" data-created_by=\"avia_inline_auto\" id=\"style-css-av-7g33xk-83b35b7e6efada8c13723a5ee0b06cd5\">\n.avia-section.av-7g33xk-83b35b7e6efada8c13723a5ee0b06cd5{\nmargin-top:0px;\nmargin-bottom:0px;\n}\n<\/style>\n<div id='av_section_1'  class='avia-section av-7g33xk-83b35b7e6efada8c13723a5ee0b06cd5 main_color avia-section-large avia-no-border-styling  avia-builder-el-0  avia-builder-el-no-sibling  avia-bg-style-scroll container_wrap fullsize'  ><div class='container av-section-cont-open' ><main  role=\"main\" itemprop=\"mainContentOfPage\"  class='template-page content  av-content-full alpha units'><div class='post-entry post-entry-type-page post-entry-2152'><div class='entry-content-wrapper clearfix'>\n\n<style type=\"text\/css\" data-created_by=\"avia_inline_auto\" id=\"style-css-av-6fc8h4-fadfa3c487412bb9b215fac9649c29e3\">\n#top .flex_column.av-6fc8h4-fadfa3c487412bb9b215fac9649c29e3{\nmargin-top:0px;\nmargin-bottom:0px;\n}\n.responsive #top #wrap_all .flex_column.av-6fc8h4-fadfa3c487412bb9b215fac9649c29e3{\nmargin-top:0px;\nmargin-bottom:0px;\n}\n<\/style>\n<div class='flex_column av-6fc8h4-fadfa3c487412bb9b215fac9649c29e3 av_one_fourth  avia-builder-el-1  el_before_av_one_half  avia-builder-el-first  first flex_column_div'     ><\/div>\n<style type=\"text\/css\" data-created_by=\"avia_inline_auto\" id=\"style-css-av-3lc948-6e36a51eab3f4fd88941e393cca9de84\">\n#top .flex_column.av-3lc948-6e36a51eab3f4fd88941e393cca9de84{\nmargin-top:0px;\nmargin-bottom:0px;\n}\n.responsive #top #wrap_all .flex_column.av-3lc948-6e36a51eab3f4fd88941e393cca9de84{\nmargin-top:0px;\nmargin-bottom:0px;\n}\n<\/style>\n<div class='flex_column av-3lc948-6e36a51eab3f4fd88941e393cca9de84 av_one_half  avia-builder-el-2  el_after_av_one_fourth  el_before_av_one_fourth  flex_column_div'     ><p>\n<style type=\"text\/css\" data-created_by=\"avia_inline_auto\" id=\"style-css-av-m3odpuv7-8e91edbe30d8dc7c0c2978bcc2e434f2\">\n.avia-image-container.av-m3odpuv7-8e91edbe30d8dc7c0c2978bcc2e434f2 img.avia_image{\nbox-shadow:none;\n}\n.avia-image-container.av-m3odpuv7-8e91edbe30d8dc7c0c2978bcc2e434f2 .av-image-caption-overlay-center{\ncolor:#ffffff;\n}\n<\/style>\n<div  class='avia-image-container av-m3odpuv7-8e91edbe30d8dc7c0c2978bcc2e434f2 av-styling- avia-align-center  avia-builder-el-3  el_before_av_hr  avia-builder-el-first'   itemprop=\"image\" itemscope=\"itemscope\" itemtype=\"https:\/\/schema.org\/ImageObject\" ><div class=\"avia-image-container-inner\"><div class=\"avia-image-overlay-wrap\"><img decoding=\"async\" class='wp-image-2767 avia-img-lazy-loading-not-2767 avia_image' src=\"https:\/\/escoladedirecciobadalona.com\/wp-content\/uploads\/2025\/02\/Miquel-Arrue.jpeg\" alt='' title='Miquel Arru\u00e9'  height=\"996\" width=\"1600\"  itemprop=\"thumbnailUrl\" srcset=\"https:\/\/escoladedirecciobadalona.com\/wp-content\/uploads\/2025\/02\/Miquel-Arrue.jpeg 1600w, https:\/\/escoladedirecciobadalona.com\/wp-content\/uploads\/2025\/02\/Miquel-Arrue-300x187.jpeg 300w, https:\/\/escoladedirecciobadalona.com\/wp-content\/uploads\/2025\/02\/Miquel-Arrue-1030x641.jpeg 1030w, https:\/\/escoladedirecciobadalona.com\/wp-content\/uploads\/2025\/02\/Miquel-Arrue-768x478.jpeg 768w, https:\/\/escoladedirecciobadalona.com\/wp-content\/uploads\/2025\/02\/Miquel-Arrue-1536x956.jpeg 1536w, https:\/\/escoladedirecciobadalona.com\/wp-content\/uploads\/2025\/02\/Miquel-Arrue-18x12.jpeg 18w, https:\/\/escoladedirecciobadalona.com\/wp-content\/uploads\/2025\/02\/Miquel-Arrue-1500x934.jpeg 1500w, https:\/\/escoladedirecciobadalona.com\/wp-content\/uploads\/2025\/02\/Miquel-Arrue-705x439.jpeg 705w\" sizes=\"(max-width: 1600px) 100vw, 1600px\" \/><\/div><\/div><\/div><br \/>\n\n<style type=\"text\/css\" data-created_by=\"avia_inline_auto\" id=\"style-css-av-m3odsfr3-59c4f4c87181c0852b4f73e29464b6b4\">\n#top .hr.hr-invisible.av-m3odsfr3-59c4f4c87181c0852b4f73e29464b6b4{\nheight:10px;\n}\n<\/style>\n<div  class='hr av-m3odsfr3-59c4f4c87181c0852b4f73e29464b6b4 hr-invisible  avia-builder-el-4  el_after_av_image  el_before_av_textblock'><span class='hr-inner'><span class=\"hr-inner-style\"><\/span><\/span><\/div><br \/>\n\n<style type=\"text\/css\" data-created_by=\"avia_inline_auto\" id=\"style-css-av-m2sumu4i-65cc6759a8b01a0619b24e9da992cf54\">\n#top .av_textblock_section.av-m2sumu4i-65cc6759a8b01a0619b24e9da992cf54 .avia_textblock{\ntext-align:center;\n}\n<\/style>\n<section  class='av_textblock_section av-m2sumu4i-65cc6759a8b01a0619b24e9da992cf54'  itemscope=\"itemscope\" itemtype=\"https:\/\/schema.org\/CreativeWork\" ><div class='avia_textblock'  itemprop=\"text\" ><p>Compositor i director. Estudia composici\u00f3 amb Carles Guinovart, Joan Albert Amarg\u00f3s, Benet Casablancas i Jonathan Harvey al conservatori del Liceu. El 2022 rep el primer premi de composici\u00f3 per a banda &#8220;Emili Gim\u00e9nez Bou&#8221;, a la categoria &#8220;d&#8217;obra simf\u00f2nica de concert&#8221;. Les seves obres han estat interpretades a Catalunya, Espanya, Fran\u00e7a, Austr\u00e0lia i a sales tan prestigioses com el Palau de la M\u00fasica de Barcelona o el Castell de Bellver a Palma de Mallorca. Paral\u00b7lelament estudia direcci\u00f3 d&#8217;orquestra amb Denise Ham, professora de la London Conducting Academy. S&#8217;ha especialitzat amb direcci\u00f3 de banda amb directors com Pascual Vilaplana, Salvador Sebasti\u00e0, Carlos Garc\u00e9s, Juan Fran Ballesteros, David Colado i Jos\u00e9 Alberto Pina. \u00c9s vicepresident de Unlock art i fundador de la seva orquestra de cambra. Actualment, \u00e9s director de la banda simf\u00f2nica de Badalona i SAM de Castellnovo. Banda amb la qual va obtenir el primer premi de la segona secci\u00f3 del certamen de bandes de Diputaci\u00f3 de Castell\u00f3, al maig de 2024.<\/p>\n<\/div><\/section><\/p><\/div>\n<style type=\"text\/css\" data-created_by=\"avia_inline_auto\" id=\"style-css-av-2e6ywo-7916051331d4564dcc08b54a3e2fe1e4\">\n#top .flex_column.av-2e6ywo-7916051331d4564dcc08b54a3e2fe1e4{\nmargin-top:0px;\nmargin-bottom:0px;\n}\n.responsive #top #wrap_all .flex_column.av-2e6ywo-7916051331d4564dcc08b54a3e2fe1e4{\nmargin-top:0px;\nmargin-bottom:0px;\n}\n<\/style>\n<div class='flex_column av-2e6ywo-7916051331d4564dcc08b54a3e2fe1e4 av_one_fourth  avia-builder-el-6  el_after_av_one_half  avia-builder-el-last  flex_column_div'     ><\/div>","protected":false},"excerpt":{"rendered":"","protected":false},"author":2,"featured_media":2500,"parent":0,"menu_order":0,"comment_status":"closed","ping_status":"closed","template":"","meta":{"footnotes":""},"class_list":["post-2152","page","type-page","status-publish","has-post-thumbnail","hentry"],"yoast_head":"<!-- This site is optimized with the Yoast SEO plugin v23.7 - https:\/\/yoast.com\/wordpress\/plugins\/seo\/ -->\n<title>Miquel Arru\u00e9 - Escola Direcci\u00f3 Badalona<\/title>\n<meta name=\"robots\" content=\"index, follow, max-snippet:-1, max-image-preview:large, max-video-preview:-1\" \/>\n<link rel=\"canonical\" href=\"https:\/\/escoladedirecciobadalona.com\/es\/miquel-arrue\/\" \/>\n<meta property=\"og:locale\" content=\"es_ES\" \/>\n<meta property=\"og:type\" content=\"article\" \/>\n<meta property=\"og:title\" content=\"Miquel Arru\u00e9 - Escola Direcci\u00f3 Badalona\" \/>\n<meta property=\"og:url\" content=\"https:\/\/escoladedirecciobadalona.com\/es\/miquel-arrue\/\" \/>\n<meta property=\"og:site_name\" content=\"Escola Direcci\u00f3 Badalona\" \/>\n<meta property=\"article:modified_time\" content=\"2025-02-10T20:39:20+00:00\" \/>\n<meta property=\"og:image\" content=\"https:\/\/escoladedirecciobadalona.com\/wp-content\/uploads\/2024\/12\/Batutas-empunadura-madera.jpg\" \/>\n\t<meta property=\"og:image:width\" content=\"1200\" \/>\n\t<meta property=\"og:image:height\" content=\"800\" \/>\n\t<meta property=\"og:image:type\" content=\"image\/jpeg\" \/>\n<meta name=\"twitter:card\" content=\"summary_large_image\" \/>\n<meta name=\"twitter:label1\" content=\"Tiempo de lectura\" \/>\n\t<meta name=\"twitter:data1\" content=\"3 minutos\" \/>\n<script type=\"application\/ld+json\" class=\"yoast-schema-graph\">{\"@context\":\"https:\/\/schema.org\",\"@graph\":[{\"@type\":\"WebPage\",\"@id\":\"https:\/\/escoladedirecciobadalona.com\/miquel-arrue\/\",\"url\":\"https:\/\/escoladedirecciobadalona.com\/miquel-arrue\/\",\"name\":\"Miquel Arru\u00e9 - Escola Direcci\u00f3 Badalona\",\"isPartOf\":{\"@id\":\"https:\/\/escoladedirecciobadalona.com\/#website\"},\"primaryImageOfPage\":{\"@id\":\"https:\/\/escoladedirecciobadalona.com\/miquel-arrue\/#primaryimage\"},\"image\":{\"@id\":\"https:\/\/escoladedirecciobadalona.com\/miquel-arrue\/#primaryimage\"},\"thumbnailUrl\":\"https:\/\/escoladedirecciobadalona.com\/wp-content\/uploads\/2024\/12\/Batutas-empunadura-madera.jpg\",\"datePublished\":\"2024-10-28T10:03:01+00:00\",\"dateModified\":\"2025-02-10T20:39:20+00:00\",\"breadcrumb\":{\"@id\":\"https:\/\/escoladedirecciobadalona.com\/miquel-arrue\/#breadcrumb\"},\"inLanguage\":\"es\",\"potentialAction\":[{\"@type\":\"ReadAction\",\"target\":[\"https:\/\/escoladedirecciobadalona.com\/miquel-arrue\/\"]}]},{\"@type\":\"ImageObject\",\"inLanguage\":\"es\",\"@id\":\"https:\/\/escoladedirecciobadalona.com\/miquel-arrue\/#primaryimage\",\"url\":\"https:\/\/escoladedirecciobadalona.com\/wp-content\/uploads\/2024\/12\/Batutas-empunadura-madera.jpg\",\"contentUrl\":\"https:\/\/escoladedirecciobadalona.com\/wp-content\/uploads\/2024\/12\/Batutas-empunadura-madera.jpg\",\"width\":1200,\"height\":800},{\"@type\":\"BreadcrumbList\",\"@id\":\"https:\/\/escoladedirecciobadalona.com\/miquel-arrue\/#breadcrumb\",\"itemListElement\":[{\"@type\":\"ListItem\",\"position\":1,\"name\":\"Portada\",\"item\":\"https:\/\/escoladedirecciobadalona.com\/\"},{\"@type\":\"ListItem\",\"position\":2,\"name\":\"Miquel Arru\u00e9\"}]},{\"@type\":\"WebSite\",\"@id\":\"https:\/\/escoladedirecciobadalona.com\/#website\",\"url\":\"https:\/\/escoladedirecciobadalona.com\/\",\"name\":\"Escola Direcci\u00f3 Badalona\",\"description\":\"\",\"potentialAction\":[{\"@type\":\"SearchAction\",\"target\":{\"@type\":\"EntryPoint\",\"urlTemplate\":\"https:\/\/escoladedirecciobadalona.com\/?s={search_term_string}\"},\"query-input\":{\"@type\":\"PropertyValueSpecification\",\"valueRequired\":true,\"valueName\":\"search_term_string\"}}],\"inLanguage\":\"es\"}]}<\/script>\n<!-- \/ Yoast SEO plugin. -->","yoast_head_json":{"title":"Miquel Arru\u00e9 - Escola Direcci\u00f3 Badalona","robots":{"index":"index","follow":"follow","max-snippet":"max-snippet:-1","max-image-preview":"max-image-preview:large","max-video-preview":"max-video-preview:-1"},"canonical":"https:\/\/escoladedirecciobadalona.com\/es\/miquel-arrue\/","og_locale":"es_ES","og_type":"article","og_title":"Miquel Arru\u00e9 - Escola Direcci\u00f3 Badalona","og_url":"https:\/\/escoladedirecciobadalona.com\/es\/miquel-arrue\/","og_site_name":"Escola Direcci\u00f3 Badalona","article_modified_time":"2025-02-10T20:39:20+00:00","og_image":[{"width":1200,"height":800,"url":"https:\/\/escoladedirecciobadalona.com\/wp-content\/uploads\/2024\/12\/Batutas-empunadura-madera.jpg","type":"image\/jpeg"}],"twitter_card":"summary_large_image","twitter_misc":{"Tiempo de lectura":"3 minutos"},"schema":{"@context":"https:\/\/schema.org","@graph":[{"@type":"WebPage","@id":"https:\/\/escoladedirecciobadalona.com\/miquel-arrue\/","url":"https:\/\/escoladedirecciobadalona.com\/miquel-arrue\/","name":"Miquel Arru\u00e9 - Escola Direcci\u00f3 Badalona","isPartOf":{"@id":"https:\/\/escoladedirecciobadalona.com\/#website"},"primaryImageOfPage":{"@id":"https:\/\/escoladedirecciobadalona.com\/miquel-arrue\/#primaryimage"},"image":{"@id":"https:\/\/escoladedirecciobadalona.com\/miquel-arrue\/#primaryimage"},"thumbnailUrl":"https:\/\/escoladedirecciobadalona.com\/wp-content\/uploads\/2024\/12\/Batutas-empunadura-madera.jpg","datePublished":"2024-10-28T10:03:01+00:00","dateModified":"2025-02-10T20:39:20+00:00","breadcrumb":{"@id":"https:\/\/escoladedirecciobadalona.com\/miquel-arrue\/#breadcrumb"},"inLanguage":"es","potentialAction":[{"@type":"ReadAction","target":["https:\/\/escoladedirecciobadalona.com\/miquel-arrue\/"]}]},{"@type":"ImageObject","inLanguage":"es","@id":"https:\/\/escoladedirecciobadalona.com\/miquel-arrue\/#primaryimage","url":"https:\/\/escoladedirecciobadalona.com\/wp-content\/uploads\/2024\/12\/Batutas-empunadura-madera.jpg","contentUrl":"https:\/\/escoladedirecciobadalona.com\/wp-content\/uploads\/2024\/12\/Batutas-empunadura-madera.jpg","width":1200,"height":800},{"@type":"BreadcrumbList","@id":"https:\/\/escoladedirecciobadalona.com\/miquel-arrue\/#breadcrumb","itemListElement":[{"@type":"ListItem","position":1,"name":"Portada","item":"https:\/\/escoladedirecciobadalona.com\/"},{"@type":"ListItem","position":2,"name":"Miquel Arru\u00e9"}]},{"@type":"WebSite","@id":"https:\/\/escoladedirecciobadalona.com\/#website","url":"https:\/\/escoladedirecciobadalona.com\/","name":"Escola Direcci\u00f3 Badalona","description":"","potentialAction":[{"@type":"SearchAction","target":{"@type":"EntryPoint","urlTemplate":"https:\/\/escoladedirecciobadalona.com\/?s={search_term_string}"},"query-input":{"@type":"PropertyValueSpecification","valueRequired":true,"valueName":"search_term_string"}}],"inLanguage":"es"}]}},"_links":{"self":[{"href":"https:\/\/escoladedirecciobadalona.com\/es\/wp-json\/wp\/v2\/pages\/2152","targetHints":{"allow":["GET"]}}],"collection":[{"href":"https:\/\/escoladedirecciobadalona.com\/es\/wp-json\/wp\/v2\/pages"}],"about":[{"href":"https:\/\/escoladedirecciobadalona.com\/es\/wp-json\/wp\/v2\/types\/page"}],"author":[{"embeddable":true,"href":"https:\/\/escoladedirecciobadalona.com\/es\/wp-json\/wp\/v2\/users\/2"}],"replies":[{"embeddable":true,"href":"https:\/\/escoladedirecciobadalona.com\/es\/wp-json\/wp\/v2\/comments?post=2152"}],"version-history":[{"count":12,"href":"https:\/\/escoladedirecciobadalona.com\/es\/wp-json\/wp\/v2\/pages\/2152\/revisions"}],"predecessor-version":[{"id":2802,"href":"https:\/\/escoladedirecciobadalona.com\/es\/wp-json\/wp\/v2\/pages\/2152\/revisions\/2802"}],"wp:featuredmedia":[{"embeddable":true,"href":"https:\/\/escoladedirecciobadalona.com\/es\/wp-json\/wp\/v2\/media\/2500"}],"wp:attachment":[{"href":"https:\/\/escoladedirecciobadalona.com\/es\/wp-json\/wp\/v2\/media?parent=2152"}],"curies":[{"name":"wp","href":"https:\/\/api.w.org\/{rel}","templated":true}]}}